 {"id":16,"date":"2024-09-11T09:34:06","date_gmt":"2024-09-11T09:34:06","guid":{"rendered":"http:\/\/crowdhouse.com\/ch\/?page_id=16"},"modified":"2024-11-07T15:59:26","modified_gmt":"2024-11-07T15:59:26","slug":"ardian-gjeloshi","status":"publish","type":"page","link":"https:\/\/crowdhouse.com\/ch\/de\/ardian-gjeloshi\/","title":{"rendered":"Ardian Gjeloshi"},"content":{"rendered":"\n<div class=\"background-primary is-style-basic-addon wp-block-ch-hero\">\n\n    \n    <div class=\"container\">\n        <div class=\"content\">\n            <!-- Display title and subtitle -->\n            <h1 class=\"hero-title\">Ardian Gjeloshi<\/h1>\n            <p class=\"hero-subtitle\">Gr\u00fcnder &amp; Executive Chairman<\/p>\n\n                            <!-- Render inner blocks content -->\n                <div class=\"hero-inner-blocks\">\n                    \n\n<p><\/p>\n\n                <\/div>\n                    <\/div>\n\n        <!-- Conditional rendering for addon based on className -->\n                    <div class=\"addon\">\n                                    <!-- Display addon image -->\n                    <img decoding=\"async\" src=\"https:\/\/crowdhouse.com\/ch\/wp-content\/uploads\/sites\/9\/2024\/09\/DSC05843_wide_sm.jpg\" class=\"addon-image\">\n                            <\/div>\n        \n            <\/div>\n\n            <div class=\"background\" >\n            <!-- Display background image if available -->\n                    <\/div>\n    <\/div>\n\n\n\n\n<div class=\"wp-block-niffler-section\" >\n    <div class=\"container\" >\n        \n<div class=\"wp-block-niffler-article\">\n    \n\n<h2 class=\"wp-block-heading\">Ardian Gjeloshi als Gr\u00fcnder<\/h2>\n\n\n\n<p>Er ist ein wesentlicher Bestandteil der crowdhouse (Schweiz) AG und hat massgeblich dazu beigetragen, das Unternehmen zu dem zu machen, was es heute ist. Als Mitbegr\u00fcnder und Executive Chairman hat Ardian Gjeloshi seit der Gr\u00fcndung von crowdhouse im M\u00e4rz 2015 unsere Vision und Strategie entscheidend gepr\u00e4gt\u200b.<\/p>\n\n\n\n<h2 class=\"wp-block-heading\">Werdegang zum Erfolg<\/h2>\n\n\n\n<p>Mit einer soliden Grundlage in der Verm\u00f6gensverwaltung und Finanzstrategie bringt Ardian Gjeloshi mehr als f\u00fcnf Jahre Erfahrung in diesen Bereichen in seine Rolle ein. Diese Expertise hat es ihm erm\u00f6glicht, crowdhouse erfolgreich zu f\u00fchren und unser Portfolio um erstklassige Immobilien zu erweitern\u200b. Dies konnten wir unseren zahlreichen Investoren anbieten. Unter der Leitung von Ardian Gjeloshi hat crowdhouse beeindruckende Meilensteine erreicht. Die Plattform hat Transaktionen im Wert von \u00fcber 2 Milliarden Schweizer Franken erm\u00f6glicht und mehr als 1\u2019500 Investoren zu zufriedenen Kunden gemacht\u200b. Seine strategische Vision und sein innovativer Ansatz haben crowdhouse zu einem f\u00fchrenden Akteur auf dem Schweizer Immobilienmarkt weiterentwickelt.<\/p>\n\n\n\n<h2 class=\"wp-block-heading\">Innovationskraft par excellence<\/h2>\n\n\n\n<p>Ardian Gjeloshis Engagement f\u00fcr Transparenz, Effizienz und Zug\u00e4nglichkeit hat die Art und Weise, wie Menschen in Immobilien investieren, grundlegend ver\u00e4ndert. Seine F\u00e4higkeit, sich im komplexen regulatorischen Umfeld zurechtzufinden, hat crowdhouse geholfen, sich erfolgreich auf dem Markt zu etablieren und den Investitionsprozess f\u00fcr unsere Kunden zu vereinfachen\u200b. Wir bei crowdhouse sind stolz auf die Innovationskraft und den unternehmerischen Geist von Ardian Gjeloshi, die uns helfen, unsere Mission voranzutreiben: Immobilieninvestitionen f\u00fcr alle zug\u00e4nglich, transparent und effizient zu machen.<\/p>\n\n<\/div>\n    <\/div>\n    \n    <\/div>\n\n\n<div class=\"wp-block-niffler-section\" >\n    <div class=\"container\" >\n        \n\n<div class=\"addAnimationSteps variation-cards columns-2 wp-block-niffler-grid\" data-speed=\"150\" style=\"--accent-color: var(--colors-brand-primary);\">\n            \n\n<div        class=\"swiper-slide wp-block-niffler-card-multipurpose\">\n    <div class=\"image aspect-ratio-16-9\"><img decoding=\"async\" src=\"https:\/\/crowdhouse.com\/ch\/wp-content\/uploads\/sites\/9\/2024\/09\/Thumbnail_16x9_Podcast_Folge10.png\" alt=\"\"><\/div><p class=\"title\">Interview Ardian Gjeloshi | Der crowdhouse-Gr\u00fcnder im Gespr\u00e4ch<\/p><div class=\"wp-block-niffler-article is-style-secondary\">\n\n<p>Von der 2-Mann-Immobilien-Firma bis zum Softwareunternehmen mit \u00fcber 130 Mitarbeiterinnen und Mitarbeiter: Ardian Gjeloshi hat crowdhouse 2015 zusammen mit Robert Plantak gegr\u00fcndet. In dieser Folge erz\u00e4hlt Ardian Gjeloshi, \u00fcber den Weg von crowdhouse vom jungen Start-up zu einem etablierten Softwareunternehmen \u2013 und die Herausforderungen, die es dabei zu bew\u00e4ltigen gab.<\/p>\n\n<\/div><\/div>\n\n\n<div        class=\"swiper-slide wp-block-niffler-card-multipurpose\">\n    <div class=\"image aspect-ratio-16-9\"><img decoding=\"async\" src=\"https:\/\/crowdhouse.com\/ch\/wp-content\/uploads\/sites\/9\/2024\/09\/Mockup_A4_Brochure_6.jpg\" alt=\"\"><\/div><p class=\"title\">\u00abcrowdhouse ist heute in erster Linie eine Softwarefirma\u00bb<\/p><div class=\"wp-block-niffler-article is-style-secondary\">\n\n<p>Ardian Gjeloshi hat crowdhouse 2015 zusammen mit Robert Plantak und Ruedi Baer gegr\u00fcndet. Im Oktober 2021 ist die Plattform crowdhouse.ch seit 6 Jahren online. 6 Jahre crowdhouse waren gepr\u00e4gt von rasantem Wachstum und kontinuierlicher digitaler Transformation. Im Interview spricht Ardian Gjeloshi \u00fcber Herausforderungen, seine Entwicklung als Unternehmer und die Bedeutung von crowdhouse f\u00fcr den Schweizer Immobilienmarkt.<a href=\"https:\/\/crowdhouse.com\/ch\"><\/a><\/p>\n\n<\/div><\/div>\n    <\/div>\n\n\n    <\/div>\n    \n    <\/div>","protected":false},"excerpt":{"rendered":"","protected":false},"author":1,"featured_media":36780,"parent":0,"menu_order":0,"comment_status":"closed","ping_status":"closed","template":"","meta":{"_acf_changed":false,"inline_featured_image":false,"footnotes":""},"class_list":["post-16","page","type-page","status-publish","has-post-thumbnail","hentry"],"acf":[],"yoast_head":"<!-- This site is optimized with the Yoast SEO plugin v27.2 - https:\/\/yoast.com\/product\/yoast-seo-wordpress\/ -->\n<title>Ardian Gjeloshi - Mitgr\u00fcnder &amp; VR-Pr\u00e4sident crowdhouse (Schweiz) AG<\/title>\n<meta name=\"description\" content=\"Als Mitgr\u00fcnder und VR-Pr\u00e4sident pr\u00e4gt Ardian Gjeloshi seit der Gr\u00fcndung 2015 die Vision und Strategie von crowdhouse (Schweiz) AG massgeblich.\" \/>\n<meta name=\"robots\" content=\"index, follow, max-snippet:-1, max-image-preview:large, max-video-preview:-1\" \/>\n<link rel=\"canonical\" href=\"https:\/\/crowdhouse.com\/ch\/de\/ardian-gjeloshi\/\" \/>\n<meta property=\"og:locale\" content=\"en_US\" \/>\n<meta property=\"og:type\" content=\"article\" \/>\n<meta property=\"og:title\" content=\"Ardian Gjeloshi - Mitgr\u00fcnder &amp; VR-Pr\u00e4sident crowdhouse (Schweiz) AG\" \/>\n<meta property=\"og:description\" content=\"Als Mitgr\u00fcnder und VR-Pr\u00e4sident pr\u00e4gt Ardian Gjeloshi seit der Gr\u00fcndung 2015 die Vision und Strategie von crowdhouse (Schweiz) AG massgeblich.\" \/>\n<meta property=\"og:url\" content=\"https:\/\/crowdhouse.com\/ch\/de\/ardian-gjeloshi\/\" \/>\n<meta property=\"og:site_name\" content=\"crowdhouse :: Switzerland\" \/>\n<meta property=\"article:modified_time\" content=\"2024-11-07T15:59:26+00:00\" \/>\n<meta name=\"twitter:card\" content=\"summary_large_image\" \/>\n<meta name=\"twitter:label1\" content=\"Est. reading time\" \/>\n\t<meta name=\"twitter:data1\" content=\"2 minutes\" \/>\n<script type=\"application\/ld+json\" class=\"yoast-schema-graph\">{\"@context\":\"https:\/\/schema.org\",\"@graph\":[{\"@type\":\"WebPage\",\"@id\":\"https:\/\/crowdhouse.com\/ch\/de\/ardian-gjeloshi\/\",\"url\":\"https:\/\/crowdhouse.com\/ch\/de\/ardian-gjeloshi\/\",\"name\":\"Ardian Gjeloshi - Mitgr\u00fcnder & VR-Pr\u00e4sident crowdhouse (Schweiz) AG\",\"isPartOf\":{\"@id\":\"https:\/\/crowdhouse.com\/ch\/#website\"},\"primaryImageOfPage\":{\"@id\":\"https:\/\/crowdhouse.com\/ch\/de\/ardian-gjeloshi\/#primaryimage\"},\"image\":{\"@id\":\"https:\/\/crowdhouse.com\/ch\/de\/ardian-gjeloshi\/#primaryimage\"},\"thumbnailUrl\":\"https:\/\/crowdhouse.com\/ch\/wp-content\/uploads\/sites\/9\/2024\/12\/defaultfeaturedimage.jpg\",\"datePublished\":\"2024-09-11T09:34:06+00:00\",\"dateModified\":\"2024-11-07T15:59:26+00:00\",\"description\":\"Als Mitgr\u00fcnder und VR-Pr\u00e4sident pr\u00e4gt Ardian Gjeloshi seit der Gr\u00fcndung 2015 die Vision und Strategie von crowdhouse (Schweiz) AG massgeblich.\",\"breadcrumb\":{\"@id\":\"https:\/\/crowdhouse.com\/ch\/de\/ardian-gjeloshi\/#breadcrumb\"},\"inLanguage\":\"en-US\",\"potentialAction\":[{\"@type\":\"ReadAction\",\"target\":[\"https:\/\/crowdhouse.com\/ch\/de\/ardian-gjeloshi\/\"]}]},{\"@type\":\"ImageObject\",\"inLanguage\":\"en-US\",\"@id\":\"https:\/\/crowdhouse.com\/ch\/de\/ardian-gjeloshi\/#primaryimage\",\"url\":\"https:\/\/crowdhouse.com\/ch\/wp-content\/uploads\/sites\/9\/2024\/12\/defaultfeaturedimage.jpg\",\"contentUrl\":\"https:\/\/crowdhouse.com\/ch\/wp-content\/uploads\/sites\/9\/2024\/12\/defaultfeaturedimage.jpg\",\"width\":2560,\"height\":1344,\"caption\":\"crowdhouse\"},{\"@type\":\"BreadcrumbList\",\"@id\":\"https:\/\/crowdhouse.com\/ch\/de\/ardian-gjeloshi\/#breadcrumb\",\"itemListElement\":[{\"@type\":\"ListItem\",\"position\":1,\"name\":\"Home\",\"item\":\"https:\/\/crowdhouse.com\/ch\/de\/\"},{\"@type\":\"ListItem\",\"position\":2,\"name\":\"Ardian Gjeloshi\"}]},{\"@type\":\"WebSite\",\"@id\":\"https:\/\/crowdhouse.com\/ch\/#website\",\"url\":\"https:\/\/crowdhouse.com\/ch\/\",\"name\":\"crowdhouse :: Switzerland\",\"description\":\"\",\"potentialAction\":[{\"@type\":\"SearchAction\",\"target\":{\"@type\":\"EntryPoint\",\"urlTemplate\":\"https:\/\/crowdhouse.com\/ch\/?s={search_term_string}\"},\"query-input\":{\"@type\":\"PropertyValueSpecification\",\"valueRequired\":true,\"valueName\":\"search_term_string\"}}],\"inLanguage\":\"en-US\"}]}<\/script>\n<!-- \/ Yoast SEO plugin. -->","yoast_head_json":{"title":"Ardian Gjeloshi - Mitgr\u00fcnder & VR-Pr\u00e4sident crowdhouse (Schweiz) AG","description":"Als Mitgr\u00fcnder und VR-Pr\u00e4sident pr\u00e4gt Ardian Gjeloshi seit der Gr\u00fcndung 2015 die Vision und Strategie von crowdhouse (Schweiz) AG massgeblich.","robots":{"index":"index","follow":"follow","max-snippet":"max-snippet:-1","max-image-preview":"max-image-preview:large","max-video-preview":"max-video-preview:-1"},"canonical":"https:\/\/crowdhouse.com\/ch\/de\/ardian-gjeloshi\/","og_locale":"en_US","og_type":"article","og_title":"Ardian Gjeloshi - Mitgr\u00fcnder & VR-Pr\u00e4sident crowdhouse (Schweiz) AG","og_description":"Als Mitgr\u00fcnder und VR-Pr\u00e4sident pr\u00e4gt Ardian Gjeloshi seit der Gr\u00fcndung 2015 die Vision und Strategie von crowdhouse (Schweiz) AG massgeblich.","og_url":"https:\/\/crowdhouse.com\/ch\/de\/ardian-gjeloshi\/","og_site_name":"crowdhouse :: Switzerland","article_modified_time":"2024-11-07T15:59:26+00:00","twitter_card":"summary_large_image","twitter_misc":{"Est. reading time":"2 minutes"},"schema":{"@context":"https:\/\/schema.org","@graph":[{"@type":"WebPage","@id":"https:\/\/crowdhouse.com\/ch\/de\/ardian-gjeloshi\/","url":"https:\/\/crowdhouse.com\/ch\/de\/ardian-gjeloshi\/","name":"Ardian Gjeloshi - Mitgr\u00fcnder & VR-Pr\u00e4sident crowdhouse (Schweiz) AG","isPartOf":{"@id":"https:\/\/crowdhouse.com\/ch\/#website"},"primaryImageOfPage":{"@id":"https:\/\/crowdhouse.com\/ch\/de\/ardian-gjeloshi\/#primaryimage"},"image":{"@id":"https:\/\/crowdhouse.com\/ch\/de\/ardian-gjeloshi\/#primaryimage"},"thumbnailUrl":"https:\/\/crowdhouse.com\/ch\/wp-content\/uploads\/sites\/9\/2024\/12\/defaultfeaturedimage.jpg","datePublished":"2024-09-11T09:34:06+00:00","dateModified":"2024-11-07T15:59:26+00:00","description":"Als Mitgr\u00fcnder und VR-Pr\u00e4sident pr\u00e4gt Ardian Gjeloshi seit der Gr\u00fcndung 2015 die Vision und Strategie von crowdhouse (Schweiz) AG massgeblich.","breadcrumb":{"@id":"https:\/\/crowdhouse.com\/ch\/de\/ardian-gjeloshi\/#breadcrumb"},"inLanguage":"en-US","potentialAction":[{"@type":"ReadAction","target":["https:\/\/crowdhouse.com\/ch\/de\/ardian-gjeloshi\/"]}]},{"@type":"ImageObject","inLanguage":"en-US","@id":"https:\/\/crowdhouse.com\/ch\/de\/ardian-gjeloshi\/#primaryimage","url":"https:\/\/crowdhouse.com\/ch\/wp-content\/uploads\/sites\/9\/2024\/12\/defaultfeaturedimage.jpg","contentUrl":"https:\/\/crowdhouse.com\/ch\/wp-content\/uploads\/sites\/9\/2024\/12\/defaultfeaturedimage.jpg","width":2560,"height":1344,"caption":"crowdhouse"},{"@type":"BreadcrumbList","@id":"https:\/\/crowdhouse.com\/ch\/de\/ardian-gjeloshi\/#breadcrumb","itemListElement":[{"@type":"ListItem","position":1,"name":"Home","item":"https:\/\/crowdhouse.com\/ch\/de\/"},{"@type":"ListItem","position":2,"name":"Ardian Gjeloshi"}]},{"@type":"WebSite","@id":"https:\/\/crowdhouse.com\/ch\/#website","url":"https:\/\/crowdhouse.com\/ch\/","name":"crowdhouse :: Switzerland","description":"","potentialAction":[{"@type":"SearchAction","target":{"@type":"EntryPoint","urlTemplate":"https:\/\/crowdhouse.com\/ch\/?s={search_term_string}"},"query-input":{"@type":"PropertyValueSpecification","valueRequired":true,"valueName":"search_term_string"}}],"inLanguage":"en-US"}]}},"lang":"de","translations":{"de":16},"pll_sync_post":[],"_links":{"self":[{"href":"https:\/\/crowdhouse.com\/ch\/wp-json\/wp\/v2\/pages\/16","targetHints":{"allow":["GET"]}}],"collection":[{"href":"https:\/\/crowdhouse.com\/ch\/wp-json\/wp\/v2\/pages"}],"about":[{"href":"https:\/\/crowdhouse.com\/ch\/wp-json\/wp\/v2\/types\/page"}],"author":[{"embeddable":true,"href":"https:\/\/crowdhouse.com\/ch\/wp-json\/wp\/v2\/users\/1"}],"replies":[{"embeddable":true,"href":"https:\/\/crowdhouse.com\/ch\/wp-json\/wp\/v2\/comments?post=16"}],"version-history":[{"count":11,"href":"https:\/\/crowdhouse.com\/ch\/wp-json\/wp\/v2\/pages\/16\/revisions"}],"predecessor-version":[{"id":37362,"href":"https:\/\/crowdhouse.com\/ch\/wp-json\/wp\/v2\/pages\/16\/revisions\/37362"}],"wp:featuredmedia":[{"embeddable":true,"href":"https:\/\/crowdhouse.com\/ch\/wp-json\/wp\/v2\/media\/36780"}],"wp:attachment":[{"href":"https:\/\/crowdhouse.com\/ch\/wp-json\/wp\/v2\/media?parent=16"}],"curies":[{"name":"wp","href":"https:\/\/api.w.org\/{rel}","templated":true}]}}