 {"id":35643,"date":"2024-09-14T21:43:01","date_gmt":"2024-09-14T21:43:01","guid":{"rendered":"http:\/\/crowdhouse.com\/ch\/?page_id=35643"},"modified":"2026-03-04T10:50:28","modified_gmt":"2026-03-04T09:50:28","slug":"medienzentrum","status":"publish","type":"page","link":"https:\/\/crowdhouse.com\/ch\/de\/medienzentrum\/","title":{"rendered":"Medienzentrum"},"content":{"rendered":"\n<div class=\"background-primary is-style-basic-center wp-block-ch-hero\">\n\n    \n    <div class=\"container\">\n        <div class=\"content\">\n            <!-- Display title and subtitle -->\n            <h1 class=\"hero-title\">Medienzentrum<\/h1>\n            <p class=\"hero-subtitle\">Wir sprechen \u00fcber Rendite-Immobilien \u2013 und alles was dazugeh\u00f6rt. Vor der Kamera, am Mikrofon und in unserem Blog. In unserem Medienzentrum finden Sie Beitr\u00e4ge zum Lesen, Anschauen, Anh\u00f6ren und Anwenden.<\/p>\n\n                            <!-- Render inner blocks content -->\n                <div class=\"hero-inner-blocks\">\n                    \n\n<p><\/p>\n\n                <\/div>\n                    <\/div>\n\n        <!-- Conditional rendering for addon based on className -->\n        \n            <\/div>\n\n            <div class=\"background\" style=\"opacity: 0.05\">\n            <!-- Display background image if available -->\n                            <img decoding=\"async\" src=\"https:\/\/crowdhouse.com\/ch\/wp-content\/uploads\/sites\/9\/2024\/09\/billboardbig-1.jpg\" class=\"background-image\">\n                    <\/div>\n    <\/div>\n\n\n\n\n<div class=\"wp-block-niffler-section\" >\n    <div class=\"container\" >\n        \n\n<div\n    class=\"is-display-type-paged wp-block-niffler-resource-center-cards\" \n    data-per-page=\"9\"    \n>\n                    <div class=\"wp-block-resource-center-cards-filter\">\n\n                    <!-- Category Filter -->\n                    <div class=\"wp-block-niffler-form-choice-field\">\n                        <div class=\"field\">\n                            <select name=\"category\" id=\"category\">\n                                <option value=\"all\" selected>Kategorie<\/option>\n                                                                    <option value=\"320\">Akquise<\/option>\n                                                                    <option value=\"1210\">Aktuell<\/option>\n                                                                    <option value=\"445\">Altersvorsorge<\/option>\n                                                                    <option value=\"311\">Basiswissen<\/option>\n                                                                    <option value=\"481\">Careers<\/option>\n                                                                    <option value=\"633\">crowdhouse<\/option>\n                                                                    <option value=\"224\">Erfahrungsberichte<\/option>\n                                                                    <option value=\"195\">Hypotheken<\/option>\n                                                                    <option value=\"149\">In eigener Sache<\/option>\n                                                                    <option value=\"154\">Investieren<\/option>\n                                                                    <option value=\"152\">Kauf<\/option>\n                                                                    <option value=\"435\">Marketing<\/option>\n                                                                    <option value=\"147\">Marktanalyse<\/option>\n                                                                    <option value=\"160\">Miteigentum<\/option>\n                                                                    <option value=\"210\">Objektbeurteilung<\/option>\n                                                                    <option value=\"322\">Rechtsfragen<\/option>\n                                                                    <option value=\"321\">Steuern<\/option>\n                                                                    <option value=\"236\">Tokenisierung<\/option>\n                                                                    <option value=\"150\">Verkauf<\/option>\n                                                                    <option value=\"151\">Vermarktung<\/option>\n                                                                    <option value=\"153\">Vermietung<\/option>\n                                                            <\/select>\n                            <span class=\"chevron\"><svg width=\"24\" height=\"24\" viewBox=\"0 0 24 24\" fill=\"none\" xmlns=\"http:\/\/www.w3.org\/2000\/svg\">\n<path fill-rule=\"evenodd\" clip-rule=\"evenodd\" d=\"M12 13.9393L17.4697 8.46967C17.7626 8.17678 18.2374 8.17678 18.5303 8.46967C18.8232 8.76256 18.8232 9.23744 18.5303 9.53033L12 16.0607L5.46967 9.53033C5.17678 9.23744 5.17678 8.76256 5.46967 8.46967C5.76256 8.17678 6.23744 8.17678 6.53033 8.46967L12 13.9393Z\" fill=\"currentColor\"\/>\n<\/svg>\n<\/span>\n                        <\/div>\n                    <\/div>\n\n                    <!-- Post Type Filter -->\n                                            <div class=\"wp-block-niffler-form-choice-field\">\n                            <div class=\"field\">\n                                <select name=\"post_type\" id=\"post_type\">\n                                    <option value=\"all\" selected>Format<\/option>\n                                                                                                                    <option value=\"blog\">Blog<\/option>\n                                                                                                                    <option value=\"podcast\">Podcast<\/option>\n                                                                                                                    <option value=\"video\">Video<\/option>\n                                                                                                                    <option value=\"tool\">Hilfsmittel<\/option>\n                                                                    <\/select>\n                                <span class=\"chevron\"><svg width=\"24\" height=\"24\" viewBox=\"0 0 24 24\" fill=\"none\" xmlns=\"http:\/\/www.w3.org\/2000\/svg\">\n<path fill-rule=\"evenodd\" clip-rule=\"evenodd\" d=\"M12 13.9393L17.4697 8.46967C17.7626 8.17678 18.2374 8.17678 18.5303 8.46967C18.8232 8.76256 18.8232 9.23744 18.5303 9.53033L12 16.0607L5.46967 9.53033C5.17678 9.23744 5.17678 8.76256 5.46967 8.46967C5.76256 8.17678 6.23744 8.17678 6.53033 8.46967L12 13.9393Z\" fill=\"currentColor\"\/>\n<\/svg>\n<\/span>\n                            <\/div>\n                        <\/div>\n                    \n                    <!-- Sorting -->\n                    <div class=\"wp-block-niffler-form-choice-field\">\n                        <div class=\"field\">\n                            <select name=\"sort\" id=\"sort\">\n                                <option selected disabled>Sortieren<\/option>\n                                <option value=\"DESC\">Neueste zuerst<\/option>\n                                <option value=\"ASC\">\u00c4lteste zuerst<\/option>\n                            <\/select>\n                            <span class=\"chevron\"><svg width=\"24\" height=\"24\" viewBox=\"0 0 24 24\" fill=\"none\" xmlns=\"http:\/\/www.w3.org\/2000\/svg\">\n<path fill-rule=\"evenodd\" clip-rule=\"evenodd\" d=\"M12 13.9393L17.4697 8.46967C17.7626 8.17678 18.2374 8.17678 18.5303 8.46967C18.8232 8.76256 18.8232 9.23744 18.5303 9.53033L12 16.0607L5.46967 9.53033C5.17678 9.23744 5.17678 8.76256 5.46967 8.46967C5.76256 8.17678 6.23744 8.17678 6.53033 8.46967L12 13.9393Z\" fill=\"currentColor\"\/>\n<\/svg>\n<\/span>\n                        <\/div>\n                    <\/div>\n                <\/div>\n            <div class=\"wp-block-resource-center-cards-list\"><\/div><div class=\"wp-block-resource-center-cards-pagination\"><\/div><\/div>\n\n    <\/div>\n    \n    <\/div>","protected":false},"excerpt":{"rendered":"","protected":false},"author":1,"featured_media":36780,"parent":0,"menu_order":0,"comment_status":"closed","ping_status":"closed","template":"","meta":{"_acf_changed":false,"inline_featured_image":false,"footnotes":""},"class_list":["post-35643","page","type-page","status-publish","has-post-thumbnail","hentry"],"acf":[],"yoast_head":"<!-- This site is optimized with the Yoast SEO plugin v27.2 - https:\/\/yoast.com\/product\/yoast-seo-wordpress\/ -->\n<title>crowdhouse: Medienzentrum<\/title>\n<meta name=\"description\" content=\"Wir sprechen \u00fcber Rendite-Immobilien \u2013 und alles was dazugeh\u00f6rt. Vor der Kamera, am Mikrofon und in unserem Blog.\" \/>\n<meta name=\"robots\" content=\"index, follow, max-snippet:-1, max-image-preview:large, max-video-preview:-1\" \/>\n<link rel=\"canonical\" href=\"https:\/\/crowdhouse.com\/ch\/de\/medienzentrum\/\" \/>\n<meta property=\"og:locale\" content=\"en_US\" \/>\n<meta property=\"og:type\" content=\"article\" \/>\n<meta property=\"og:title\" content=\"crowdhouse: Medienzentrum\" \/>\n<meta property=\"og:description\" content=\"Wir sprechen \u00fcber Rendite-Immobilien \u2013 und alles was dazugeh\u00f6rt. Vor der Kamera, am Mikrofon und in unserem Blog.\" \/>\n<meta property=\"og:url\" content=\"https:\/\/crowdhouse.com\/ch\/de\/medienzentrum\/\" \/>\n<meta property=\"og:site_name\" content=\"crowdhouse :: Switzerland\" \/>\n<meta property=\"article:modified_time\" content=\"2026-03-04T09:50:28+00:00\" \/>\n<meta name=\"twitter:card\" content=\"summary_large_image\" \/>\n<script type=\"application\/ld+json\" class=\"yoast-schema-graph\">{\"@context\":\"https:\/\/schema.org\",\"@graph\":[{\"@type\":\"WebPage\",\"@id\":\"https:\/\/crowdhouse.com\/ch\/de\/medienzentrum\/\",\"url\":\"https:\/\/crowdhouse.com\/ch\/de\/medienzentrum\/\",\"name\":\"crowdhouse: Medienzentrum\",\"isPartOf\":{\"@id\":\"https:\/\/crowdhouse.com\/ch\/#website\"},\"primaryImageOfPage\":{\"@id\":\"https:\/\/crowdhouse.com\/ch\/de\/medienzentrum\/#primaryimage\"},\"image\":{\"@id\":\"https:\/\/crowdhouse.com\/ch\/de\/medienzentrum\/#primaryimage\"},\"thumbnailUrl\":\"https:\/\/crowdhouse.com\/ch\/wp-content\/uploads\/sites\/9\/2024\/12\/defaultfeaturedimage.jpg\",\"datePublished\":\"2024-09-14T21:43:01+00:00\",\"dateModified\":\"2026-03-04T09:50:28+00:00\",\"description\":\"Wir sprechen \u00fcber Rendite-Immobilien \u2013 und alles was dazugeh\u00f6rt. Vor der Kamera, am Mikrofon und in unserem Blog.\",\"breadcrumb\":{\"@id\":\"https:\/\/crowdhouse.com\/ch\/de\/medienzentrum\/#breadcrumb\"},\"inLanguage\":\"en-US\",\"potentialAction\":[{\"@type\":\"ReadAction\",\"target\":[\"https:\/\/crowdhouse.com\/ch\/de\/medienzentrum\/\"]}]},{\"@type\":\"ImageObject\",\"inLanguage\":\"en-US\",\"@id\":\"https:\/\/crowdhouse.com\/ch\/de\/medienzentrum\/#primaryimage\",\"url\":\"https:\/\/crowdhouse.com\/ch\/wp-content\/uploads\/sites\/9\/2024\/12\/defaultfeaturedimage.jpg\",\"contentUrl\":\"https:\/\/crowdhouse.com\/ch\/wp-content\/uploads\/sites\/9\/2024\/12\/defaultfeaturedimage.jpg\",\"width\":2560,\"height\":1344,\"caption\":\"crowdhouse\"},{\"@type\":\"BreadcrumbList\",\"@id\":\"https:\/\/crowdhouse.com\/ch\/de\/medienzentrum\/#breadcrumb\",\"itemListElement\":[{\"@type\":\"ListItem\",\"position\":1,\"name\":\"Home\",\"item\":\"https:\/\/crowdhouse.com\/ch\/de\/\"},{\"@type\":\"ListItem\",\"position\":2,\"name\":\"Medienzentrum\"}]},{\"@type\":\"WebSite\",\"@id\":\"https:\/\/crowdhouse.com\/ch\/#website\",\"url\":\"https:\/\/crowdhouse.com\/ch\/\",\"name\":\"crowdhouse :: Switzerland\",\"description\":\"\",\"potentialAction\":[{\"@type\":\"SearchAction\",\"target\":{\"@type\":\"EntryPoint\",\"urlTemplate\":\"https:\/\/crowdhouse.com\/ch\/?s={search_term_string}\"},\"query-input\":{\"@type\":\"PropertyValueSpecification\",\"valueRequired\":true,\"valueName\":\"search_term_string\"}}],\"inLanguage\":\"en-US\"}]}<\/script>\n<!-- \/ Yoast SEO plugin. -->","yoast_head_json":{"title":"crowdhouse: Medienzentrum","description":"Wir sprechen \u00fcber Rendite-Immobilien \u2013 und alles was dazugeh\u00f6rt. Vor der Kamera, am Mikrofon und in unserem Blog.","robots":{"index":"index","follow":"follow","max-snippet":"max-snippet:-1","max-image-preview":"max-image-preview:large","max-video-preview":"max-video-preview:-1"},"canonical":"https:\/\/crowdhouse.com\/ch\/de\/medienzentrum\/","og_locale":"en_US","og_type":"article","og_title":"crowdhouse: Medienzentrum","og_description":"Wir sprechen \u00fcber Rendite-Immobilien \u2013 und alles was dazugeh\u00f6rt. Vor der Kamera, am Mikrofon und in unserem Blog.","og_url":"https:\/\/crowdhouse.com\/ch\/de\/medienzentrum\/","og_site_name":"crowdhouse :: Switzerland","article_modified_time":"2026-03-04T09:50:28+00:00","twitter_card":"summary_large_image","schema":{"@context":"https:\/\/schema.org","@graph":[{"@type":"WebPage","@id":"https:\/\/crowdhouse.com\/ch\/de\/medienzentrum\/","url":"https:\/\/crowdhouse.com\/ch\/de\/medienzentrum\/","name":"crowdhouse: Medienzentrum","isPartOf":{"@id":"https:\/\/crowdhouse.com\/ch\/#website"},"primaryImageOfPage":{"@id":"https:\/\/crowdhouse.com\/ch\/de\/medienzentrum\/#primaryimage"},"image":{"@id":"https:\/\/crowdhouse.com\/ch\/de\/medienzentrum\/#primaryimage"},"thumbnailUrl":"https:\/\/crowdhouse.com\/ch\/wp-content\/uploads\/sites\/9\/2024\/12\/defaultfeaturedimage.jpg","datePublished":"2024-09-14T21:43:01+00:00","dateModified":"2026-03-04T09:50:28+00:00","description":"Wir sprechen \u00fcber Rendite-Immobilien \u2013 und alles was dazugeh\u00f6rt. Vor der Kamera, am Mikrofon und in unserem Blog.","breadcrumb":{"@id":"https:\/\/crowdhouse.com\/ch\/de\/medienzentrum\/#breadcrumb"},"inLanguage":"en-US","potentialAction":[{"@type":"ReadAction","target":["https:\/\/crowdhouse.com\/ch\/de\/medienzentrum\/"]}]},{"@type":"ImageObject","inLanguage":"en-US","@id":"https:\/\/crowdhouse.com\/ch\/de\/medienzentrum\/#primaryimage","url":"https:\/\/crowdhouse.com\/ch\/wp-content\/uploads\/sites\/9\/2024\/12\/defaultfeaturedimage.jpg","contentUrl":"https:\/\/crowdhouse.com\/ch\/wp-content\/uploads\/sites\/9\/2024\/12\/defaultfeaturedimage.jpg","width":2560,"height":1344,"caption":"crowdhouse"},{"@type":"BreadcrumbList","@id":"https:\/\/crowdhouse.com\/ch\/de\/medienzentrum\/#breadcrumb","itemListElement":[{"@type":"ListItem","position":1,"name":"Home","item":"https:\/\/crowdhouse.com\/ch\/de\/"},{"@type":"ListItem","position":2,"name":"Medienzentrum"}]},{"@type":"WebSite","@id":"https:\/\/crowdhouse.com\/ch\/#website","url":"https:\/\/crowdhouse.com\/ch\/","name":"crowdhouse :: Switzerland","description":"","potentialAction":[{"@type":"SearchAction","target":{"@type":"EntryPoint","urlTemplate":"https:\/\/crowdhouse.com\/ch\/?s={search_term_string}"},"query-input":{"@type":"PropertyValueSpecification","valueRequired":true,"valueName":"search_term_string"}}],"inLanguage":"en-US"}]}},"lang":"de","translations":{"de":35643},"pll_sync_post":[],"_links":{"self":[{"href":"https:\/\/crowdhouse.com\/ch\/wp-json\/wp\/v2\/pages\/35643","targetHints":{"allow":["GET"]}}],"collection":[{"href":"https:\/\/crowdhouse.com\/ch\/wp-json\/wp\/v2\/pages"}],"about":[{"href":"https:\/\/crowdhouse.com\/ch\/wp-json\/wp\/v2\/types\/page"}],"author":[{"embeddable":true,"href":"https:\/\/crowdhouse.com\/ch\/wp-json\/wp\/v2\/users\/1"}],"replies":[{"embeddable":true,"href":"https:\/\/crowdhouse.com\/ch\/wp-json\/wp\/v2\/comments?post=35643"}],"version-history":[{"count":10,"href":"https:\/\/crowdhouse.com\/ch\/wp-json\/wp\/v2\/pages\/35643\/revisions"}],"predecessor-version":[{"id":37192,"href":"https:\/\/crowdhouse.com\/ch\/wp-json\/wp\/v2\/pages\/35643\/revisions\/37192"}],"wp:featuredmedia":[{"embeddable":true,"href":"https:\/\/crowdhouse.com\/ch\/wp-json\/wp\/v2\/media\/36780"}],"wp:attachment":[{"href":"https:\/\/crowdhouse.com\/ch\/wp-json\/wp\/v2\/media?parent=35643"}],"curies":[{"name":"wp","href":"https:\/\/api.w.org\/{rel}","templated":true}]}}