 {"id":36308,"date":"2024-10-31T14:05:17","date_gmt":"2024-10-31T14:05:17","guid":{"rendered":"http:\/\/crowdhouse.com\/ch\/?page_id=36308"},"modified":"2025-04-29T17:38:13","modified_gmt":"2025-04-29T16:38:13","slug":"international","status":"publish","type":"page","link":"https:\/\/crowdhouse.com\/ch\/de\/international\/","title":{"rendered":"International"},"content":{"rendered":"\n<div class=\"wp-custom-html-block-international-hero\">\n\t\t\t<div class=\"container\">\n\t\t\t\t<div class=\"content\">\n\t\t\t\t\t<h1 class=\"title h2\" style=\"margin-bottom: 16px\">Direkte Immobilien Investitionen<\/h1>\n\t\t\t\t\t<p class=\"subtitle subtitle1\">f\u00fcr verm\u00f6gende Privatpersonen<\/p>\n\t\t\t\t<\/div>\n\n\t\t\t\t<img decoding=\"async\" src=\"http:\/\/crowdhouse.com\/wp-content\/themes\/crowdhouse\/assets\/images\/hero-new\/hero-phone-3-en.png\" class=\"image-1\" alt=\"Direkte Immobilien Investitionen\" \/>\n\t\t\t\t\t<img decoding=\"async\" src=\"http:\/\/crowdhouse.com\/wp-content\/themes\/crowdhouse\/assets\/images\/hero-new\/hero-phone-1.png\" alt=\"Direkte Immobilien Investitionen\" class=\"image-2\" \/>\n\t\t\t<\/div>\n\t\t<\/div>\n\n\n\n<div class=\"wp-block-niffler-banner\" style=\"background-image:url('https:\/\/crowdhouse.com\/ch\/wp-content\/uploads\/sites\/9\/2024\/11\/bannerbg1.jpg');\">\n    \n            <p class=\"title\">Durch unsere selbst entwickelte Software-Plattform konnten wir in der Schweiz bisher \u00fcber 200 Immobilien-Transaktionen im Wert von 1,5 Mrd. EUR mit verm\u00f6genden Privatinvestoren abwickeln und verwalten.<\/p>\n    <\/div>\n\n\n<div class=\"wp-block-niffler-section\" >\n    <div class=\"container\" >\n        \n<div class=\"wp-block-niffler-section-heading\">\n    \n\n<p class=\"section-heading-title wp-block-niffler-section-heading-part\">Wie wir das erreicht haben<\/p>\n<\/div>\n\n\n<div class=\"addAnimationSteps variation-cards columns-3 wp-block-niffler-grid\" data-speed=\"150\" style=\"--accent-color: var(--colors-brand-primary);\">\n            \n\n<div        class=\"swiper-slide wp-block-niffler-card-multipurpose\">\n    <div class=\"image aspect-ratio-16-9\"><img decoding=\"async\" src=\"https:\/\/crowdhouse.com\/ch\/wp-content\/uploads\/sites\/9\/2024\/10\/textimage1.jpg\" alt=\"Muster\"><\/div><p class=\"title\">T\u00e4glich neue Investoren<\/p><div class=\"wp-block-niffler-article is-style-secondary\">\n\n<p>Unser Online-Marktplatz und Marketing generiert, segmentiert und qualifiziert automatisch t\u00e4glich neue Investoren-Leads. Diese werden mit einem ausgekl\u00fcgelten K.I. System durch die Erstellung eines detaillierten Suchprofils vorselektioniert. Die K.I. findet dabei automatisch passende Deals f\u00fcr jeden Investor.<\/p>\n\n<\/div><\/div>\n\n\n<div        class=\"swiper-slide wp-block-niffler-card-multipurpose\">\n    <div class=\"image aspect-ratio-16-9\"><img decoding=\"async\" src=\"https:\/\/crowdhouse.com\/ch\/wp-content\/uploads\/sites\/9\/2024\/10\/textimage2.jpg\" alt=\"Topelement\"><\/div><p class=\"title\">Vertrauen bringt wiederholten Erfolg<\/p><div class=\"wp-block-niffler-article is-style-secondary\">\n\n<p>Nach dem ersten erfolgreichen Investment werden die meisten unserer Kunden zu Wiederholungst\u00e4tern und investieren \u00fcber die Jahre mehrfach mit uns. Das durchschnittliche Investment pro Kunde betr\u00e4gt dabei<br>\u00b1EUR 400.000.<\/p>\n\n<\/div><\/div>\n\n\n<div        class=\"swiper-slide wp-block-niffler-card-multipurpose\">\n    <div class=\"image aspect-ratio-16-9\"><img decoding=\"async\" src=\"https:\/\/crowdhouse.com\/ch\/wp-content\/uploads\/sites\/9\/2024\/10\/textimage3.jpg\" alt=\"\"><\/div><p class=\"title\">Hohe Gewinnmargen durch Effizienz<\/p><div class=\"wp-block-niffler-article is-style-secondary\">\n\n<p>Da die Abwicklung der Transaktionen mit Hilfe unserer Software effizient standardisiert stattfindet, ist die Geschwindigkeit gegen\u00fcber traditionellen Immobilientransaktionen ist bis zu 10 mal h\u00f6her.<\/p>\n\n<\/div><\/div>\n    <\/div>\n\n\n    <\/div>\n    \n    <\/div>\n\n\n<div class=\"wp-block-niffler-section\" >\n    <div class=\"container\" >\n        \n<div class=\"wp-block-niffler-section-heading\">\n    \n\n<p class=\"section-heading-title wp-block-niffler-section-heading-part\">Wieso Investoren unser Modell lieben<\/p>\n<\/div>\n\n\n<figure style=\"background-color: ;\" class=\"padding- align-none wp-block-niffler-image\">\n    <img decoding=\"async\"\n        src=\"https:\/\/crowdhouse.com\/ch\/wp-content\/uploads\/sites\/9\/2024\/11\/Screenshot-2024-11-07-at-15.25.11-e1730989727566.png\"\n        class=\"aspect-ratiodefault\"\n        alt=\"\"\n            >\n    <\/figure>\n\n    <\/div>\n    \n    <\/div>\n\n\n<div class=\"wp-block-niffler-section\" >\n    <div class=\"container\" >\n        \n<div class=\"wp-block-niffler-section-heading\">\n    \n\n<p class=\"section-heading-title wp-block-niffler-section-heading-part\">Warum unser Deal-Flow immer gef\u00fcllt ist<\/p>\n<\/div>\n\n\n<figure style=\"background-color: ;\" class=\"padding- align-none wp-block-niffler-image\">\n    <img decoding=\"async\"\n        src=\"https:\/\/crowdhouse.com\/ch\/wp-content\/uploads\/sites\/9\/2024\/11\/Screenshot-2024-11-07-at-15.26.21.png\"\n        class=\"aspect-ratiodefault\"\n        alt=\"\"\n            >\n    <\/figure>\n\n    <\/div>\n    \n    <\/div>\n\n\n<div class=\"wp-block-niffler-section\" >\n    <div class=\"container\" >\n        \n<div class=\"wp-block-niffler-section-heading\">\n    \n\n<p class=\"section-heading-title wp-block-niffler-section-heading-part\">Optionen in den folgenden L\u00e4ndern<\/p>\n<\/div>\n\n\n<div class=\"addAnimationSteps variation-cards columns-2 wp-block-niffler-grid\" data-speed=\"150\" style=\"--accent-color: var(--colors-brand-primary);\">\n            \n\n<div        class=\"swiper-slide wp-block-niffler-card-multipurpose\">\n    <div class=\"image aspect-ratio-16-9\"><img decoding=\"async\" src=\"https:\/\/crowdhouse.com\/ch\/wp-content\/uploads\/sites\/9\/2024\/11\/Swizerland-e1732100935500.png\" alt=\"\"><\/div><p class=\"label\">2024 gestartet<\/p><p class=\"title\">Schweiz<\/p><div class=\"wp-block-niffler-article is-style-secondary\">\n\n<a href=\"https:\/\/crowdhouse.com\/ch\/de\/international-schweiz\/\"  class=\"is-style-default wp-block-niffler-button\">\n    Optionen Schweiz<\/a>\n<\/div><\/div>\n\n\n<div        class=\"swiper-slide wp-block-niffler-card-multipurpose\">\n    <div class=\"image aspect-ratio-16-9\"><img decoding=\"async\" src=\"https:\/\/crowdhouse.com\/ch\/wp-content\/uploads\/sites\/9\/2024\/11\/germany-flag.jpg\" alt=\"\"><\/div><p class=\"label\">Ab 2025<\/p><p class=\"title\">Deutschland<\/p><div class=\"wp-block-niffler-article is-style-secondary\">\n\n<a href=\"https:\/\/crowdhouse.com\/ch\/de\/international-deutschland\/\"  class=\"is-style-default wp-block-niffler-button\">\n    Optionen Deutschland<\/a>\n<\/div><\/div>\n    <\/div>\n\n\n    <\/div>\n    \n    <\/div>\n\n\n<div class=\"wp-block-niffler-section\" >\n    <div class=\"container\" >\n        \n<div class=\"wp-block-niffler-section-heading\">\n    \n\n<p class=\"section-heading-title wp-block-niffler-section-heading-part\">Kontakt<\/p>\n\n\n<p class=\"section-heading-subtitle wp-block-niffler-section-heading-part\">Nehmen Sie Kontakt auf um die M\u00f6glichkeiten zu besprechen.<\/p>\n<\/div>\n\n\n<div class=\"wp-block-niffler-card-contact\">\n    <img decoding=\"async\" src=\"https:\/\/crowdhouse.com\/ch\/wp-content\/uploads\/sites\/9\/2024\/10\/DSC08791-small-e1745507896361.jpg\" alt=\"\" class=\"photo\">\n\n    <div class=\"content\">\n        <p class=\"name\">Ilia Riaskoff<\/p>\n        <p class=\"title\">Business Development Executive<\/p>\n        <p class=\"description\"><\/p>\n\n        <ul class=\"wp-block-niffler-list contact-info\"><li><svg width=\"24\" height=\"24\" viewBox=\"0 0 24 24\" fill=\"none\" xmlns=\"http:\/\/www.w3.org\/2000\/svg\">\n<path fill-rule=\"evenodd\" clip-rule=\"evenodd\" d=\"M6.75 1.93939L12.3107 7.50004L8.78032 11.0304C8.48743 11.3233 8.01257 11.3233 7.71968 11.0304C7.42677 10.7375 7.42677 10.2626 7.71968 9.96972L10.1893 7.50004L6.75 4.06071L4.5 6.31071V8.25004C4.5 14.4633 9.53679 19.5 15.75 19.5H16.9394L19.1894 17.25L15.75 13.8107L13.2803 16.2804C12.9874 16.5732 12.5126 16.5732 12.2197 16.2804C11.9268 15.9875 11.9268 15.5126 12.2197 15.2198L15.75 11.6894L21.3106 17.25L17.5606 21H15.75C8.70837 21 3 15.2916 3 8.25004V5.68939L6.75 1.93939Z\" fill=\"currentColor\"\/>\n<\/svg>\n<a href=\"tel:41764665150\">+41 76 466 51 50<\/a><\/li><li><svg width=\"24\" height=\"24\" viewBox=\"0 0 24 24\" fill=\"none\" xmlns=\"http:\/\/www.w3.org\/2000\/svg\">\n<path fill-rule=\"evenodd\" clip-rule=\"evenodd\" d=\"M1.5 4.5H22.5V19.5H1.5V4.5ZM3 6V18H21V6H3ZM5.66603 7.62596L12 11.8486L18.334 7.62596C18.6786 7.3962 19.1443 7.48933 19.374 7.83398C19.6038 8.17862 19.5107 8.64427 19.166 8.87404L12 13.6514L4.83397 8.87404C4.48933 8.64427 4.3962 8.17862 4.62596 7.83398C4.85573 7.48933 5.32138 7.3962 5.66603 7.62596Z\" fill=\"currentColor\"\/>\n<\/svg>\n<a href=\"mailto:ilia.riaskoff@crowdhouse.com\">ilia.riaskoff@crowdhouse.com<\/a><\/li><\/ul><a href=\"https:\/\/calendar.app.google\/h9QiNCd7bsZ3ZmeKA\" target=\"\" class=\"wp-block-niffler-button cta\">Intro Call buchen<\/a>    <\/div>\n<\/div>\n\n    <\/div>\n    \n    <\/div>","protected":false},"excerpt":{"rendered":"<p>Direkte Immobilien Investitionen f\u00fcr verm\u00f6gende Privatpersonen<\/p>\n","protected":false},"author":1,"featured_media":36780,"parent":0,"menu_order":0,"comment_status":"closed","ping_status":"closed","template":"","meta":{"_acf_changed":false,"inline_featured_image":false,"footnotes":""},"class_list":["post-36308","page","type-page","status-publish","has-post-thumbnail","hentry"],"acf":[],"yoast_head":"<!-- This site is optimized with the Yoast SEO plugin v27.2 - https:\/\/yoast.com\/product\/yoast-seo-wordpress\/ -->\n<title>International - crowdhouse :: Switzerland<\/title>\n<meta name=\"robots\" content=\"index, follow, max-snippet:-1, max-image-preview:large, max-video-preview:-1\" \/>\n<link rel=\"canonical\" href=\"https:\/\/crowdhouse.com\/ch\/de\/international\/\" \/>\n<meta property=\"og:locale\" content=\"en_US\" \/>\n<meta property=\"og:type\" content=\"article\" \/>\n<meta property=\"og:title\" content=\"International - crowdhouse :: Switzerland\" \/>\n<meta property=\"og:description\" content=\"Direkte Immobilien Investitionen f\u00fcr verm\u00f6gende Privatpersonen\" \/>\n<meta property=\"og:url\" content=\"https:\/\/crowdhouse.com\/ch\/de\/international\/\" \/>\n<meta property=\"og:site_name\" content=\"crowdhouse :: Switzerland\" \/>\n<meta property=\"article:modified_time\" content=\"2025-04-29T16:38:13+00:00\" \/>\n<meta property=\"og:image\" content=\"http:\/\/crowdhouse.com\/wp-content\/themes\/crowdhouse\/assets\/images\/hero-new\/hero-phone-3-en.png\" \/>\n<meta name=\"twitter:card\" content=\"summary_large_image\" \/>\n<meta name=\"twitter:label1\" content=\"Est. reading time\" \/>\n\t<meta name=\"twitter:data1\" content=\"1 minute\" \/>\n<script type=\"application\/ld+json\" class=\"yoast-schema-graph\">{\"@context\":\"https:\/\/schema.org\",\"@graph\":[{\"@type\":\"WebPage\",\"@id\":\"https:\/\/crowdhouse.com\/ch\/de\/international\/\",\"url\":\"https:\/\/crowdhouse.com\/ch\/de\/international\/\",\"name\":\"International - crowdhouse :: Switzerland\",\"isPartOf\":{\"@id\":\"https:\/\/crowdhouse.com\/ch\/#website\"},\"primaryImageOfPage\":{\"@id\":\"https:\/\/crowdhouse.com\/ch\/de\/international\/#primaryimage\"},\"image\":{\"@id\":\"https:\/\/crowdhouse.com\/ch\/de\/international\/#primaryimage\"},\"thumbnailUrl\":\"https:\/\/crowdhouse.com\/ch\/wp-content\/uploads\/sites\/9\/2024\/12\/defaultfeaturedimage.jpg\",\"datePublished\":\"2024-10-31T14:05:17+00:00\",\"dateModified\":\"2025-04-29T16:38:13+00:00\",\"breadcrumb\":{\"@id\":\"https:\/\/crowdhouse.com\/ch\/de\/international\/#breadcrumb\"},\"inLanguage\":\"en-US\",\"potentialAction\":[{\"@type\":\"ReadAction\",\"target\":[\"https:\/\/crowdhouse.com\/ch\/de\/international\/\"]}]},{\"@type\":\"ImageObject\",\"inLanguage\":\"en-US\",\"@id\":\"https:\/\/crowdhouse.com\/ch\/de\/international\/#primaryimage\",\"url\":\"https:\/\/crowdhouse.com\/ch\/wp-content\/uploads\/sites\/9\/2024\/12\/defaultfeaturedimage.jpg\",\"contentUrl\":\"https:\/\/crowdhouse.com\/ch\/wp-content\/uploads\/sites\/9\/2024\/12\/defaultfeaturedimage.jpg\",\"width\":2560,\"height\":1344,\"caption\":\"crowdhouse\"},{\"@type\":\"BreadcrumbList\",\"@id\":\"https:\/\/crowdhouse.com\/ch\/de\/international\/#breadcrumb\",\"itemListElement\":[{\"@type\":\"ListItem\",\"position\":1,\"name\":\"Home\",\"item\":\"https:\/\/crowdhouse.com\/ch\/de\/\"},{\"@type\":\"ListItem\",\"position\":2,\"name\":\"International\"}]},{\"@type\":\"WebSite\",\"@id\":\"https:\/\/crowdhouse.com\/ch\/#website\",\"url\":\"https:\/\/crowdhouse.com\/ch\/\",\"name\":\"crowdhouse :: Switzerland\",\"description\":\"\",\"potentialAction\":[{\"@type\":\"SearchAction\",\"target\":{\"@type\":\"EntryPoint\",\"urlTemplate\":\"https:\/\/crowdhouse.com\/ch\/?s={search_term_string}\"},\"query-input\":{\"@type\":\"PropertyValueSpecification\",\"valueRequired\":true,\"valueName\":\"search_term_string\"}}],\"inLanguage\":\"en-US\"}]}<\/script>\n<!-- \/ Yoast SEO plugin. -->","yoast_head_json":{"title":"International - crowdhouse :: Switzerland","robots":{"index":"index","follow":"follow","max-snippet":"max-snippet:-1","max-image-preview":"max-image-preview:large","max-video-preview":"max-video-preview:-1"},"canonical":"https:\/\/crowdhouse.com\/ch\/de\/international\/","og_locale":"en_US","og_type":"article","og_title":"International - crowdhouse :: Switzerland","og_description":"Direkte Immobilien Investitionen f\u00fcr verm\u00f6gende Privatpersonen","og_url":"https:\/\/crowdhouse.com\/ch\/de\/international\/","og_site_name":"crowdhouse :: Switzerland","article_modified_time":"2025-04-29T16:38:13+00:00","og_image":[{"url":"http:\/\/crowdhouse.com\/wp-content\/themes\/crowdhouse\/assets\/images\/hero-new\/hero-phone-3-en.png","type":"","width":"","height":""}],"twitter_card":"summary_large_image","twitter_misc":{"Est. reading time":"1 minute"},"schema":{"@context":"https:\/\/schema.org","@graph":[{"@type":"WebPage","@id":"https:\/\/crowdhouse.com\/ch\/de\/international\/","url":"https:\/\/crowdhouse.com\/ch\/de\/international\/","name":"International - crowdhouse :: Switzerland","isPartOf":{"@id":"https:\/\/crowdhouse.com\/ch\/#website"},"primaryImageOfPage":{"@id":"https:\/\/crowdhouse.com\/ch\/de\/international\/#primaryimage"},"image":{"@id":"https:\/\/crowdhouse.com\/ch\/de\/international\/#primaryimage"},"thumbnailUrl":"https:\/\/crowdhouse.com\/ch\/wp-content\/uploads\/sites\/9\/2024\/12\/defaultfeaturedimage.jpg","datePublished":"2024-10-31T14:05:17+00:00","dateModified":"2025-04-29T16:38:13+00:00","breadcrumb":{"@id":"https:\/\/crowdhouse.com\/ch\/de\/international\/#breadcrumb"},"inLanguage":"en-US","potentialAction":[{"@type":"ReadAction","target":["https:\/\/crowdhouse.com\/ch\/de\/international\/"]}]},{"@type":"ImageObject","inLanguage":"en-US","@id":"https:\/\/crowdhouse.com\/ch\/de\/international\/#primaryimage","url":"https:\/\/crowdhouse.com\/ch\/wp-content\/uploads\/sites\/9\/2024\/12\/defaultfeaturedimage.jpg","contentUrl":"https:\/\/crowdhouse.com\/ch\/wp-content\/uploads\/sites\/9\/2024\/12\/defaultfeaturedimage.jpg","width":2560,"height":1344,"caption":"crowdhouse"},{"@type":"BreadcrumbList","@id":"https:\/\/crowdhouse.com\/ch\/de\/international\/#breadcrumb","itemListElement":[{"@type":"ListItem","position":1,"name":"Home","item":"https:\/\/crowdhouse.com\/ch\/de\/"},{"@type":"ListItem","position":2,"name":"International"}]},{"@type":"WebSite","@id":"https:\/\/crowdhouse.com\/ch\/#website","url":"https:\/\/crowdhouse.com\/ch\/","name":"crowdhouse :: Switzerland","description":"","potentialAction":[{"@type":"SearchAction","target":{"@type":"EntryPoint","urlTemplate":"https:\/\/crowdhouse.com\/ch\/?s={search_term_string}"},"query-input":{"@type":"PropertyValueSpecification","valueRequired":true,"valueName":"search_term_string"}}],"inLanguage":"en-US"}]}},"lang":"de","translations":{"de":36308,"en":38107},"pll_sync_post":[],"_links":{"self":[{"href":"https:\/\/crowdhouse.com\/ch\/wp-json\/wp\/v2\/pages\/36308","targetHints":{"allow":["GET"]}}],"collection":[{"href":"https:\/\/crowdhouse.com\/ch\/wp-json\/wp\/v2\/pages"}],"about":[{"href":"https:\/\/crowdhouse.com\/ch\/wp-json\/wp\/v2\/types\/page"}],"author":[{"embeddable":true,"href":"https:\/\/crowdhouse.com\/ch\/wp-json\/wp\/v2\/users\/1"}],"replies":[{"embeddable":true,"href":"https:\/\/crowdhouse.com\/ch\/wp-json\/wp\/v2\/comments?post=36308"}],"version-history":[{"count":10,"href":"https:\/\/crowdhouse.com\/ch\/wp-json\/wp\/v2\/pages\/36308\/revisions"}],"predecessor-version":[{"id":37157,"href":"https:\/\/crowdhouse.com\/ch\/wp-json\/wp\/v2\/pages\/36308\/revisions\/37157"}],"wp:featuredmedia":[{"embeddable":true,"href":"https:\/\/crowdhouse.com\/ch\/wp-json\/wp\/v2\/media\/36780"}],"wp:attachment":[{"href":"https:\/\/crowdhouse.com\/ch\/wp-json\/wp\/v2\/media?parent=36308"}],"curies":[{"name":"wp","href":"https:\/\/api.w.org\/{rel}","templated":true}]}}