 {"id":37253,"date":"2025-06-19T06:00:17","date_gmt":"2025-06-19T05:00:17","guid":{"rendered":"https:\/\/crowdhouse.com\/ch\/?page_id=37253"},"modified":"2025-12-19T14:13:49","modified_gmt":"2025-12-19T13:13:49","slug":"magazin","status":"publish","type":"page","link":"https:\/\/crowdhouse.com\/ch\/de\/magazin\/","title":{"rendered":"Magazin"},"content":{"rendered":"\n<div class=\"background-brand-primaryAccessible is-style-basic-addon wp-block-ch-hero\">\n\n    \n    <div class=\"container\">\n        <div class=\"content\">\n            <!-- Display title and subtitle -->\n            <h1 class=\"hero-title\">crowdhouse Magazin<\/h1>\n            <p class=\"hero-subtitle\">Das crowdhouse Printmagazin erscheint unter dem Namen \u00abHow To Real Estate\u00bb mehrfach pro Jahr. Die aktuelle Ausgabe k\u00f6nnen Sie hier herunterladen oder kostenlos nach Hause bestellen.<\/p>\n\n                    <\/div>\n\n        <!-- Conditional rendering for addon based on className -->\n                    <div class=\"addon\">\n                                    \n\n<form class=\"wp-function-niffler-form-submit wp-block-niffler-form\" data-uid=\"30fb770b-04c7-4395-b748-asdfasdf897987\" data-form-name=\"Magazin (How To Real Estate)\">\n\n    <div class=\"form-fields\">\n        \n\n<div class=\"field-size-50 wp-block-niffler-form-input-field\">\n\t\n\t<div class=\"field\">\n\t\t\t\t\t<input\n\t\t\t\ttype=\"name\"\n\t\t\t\tname=\"vorname\"\n\t\t\t\tplaceholder=\"\"\n\t\t\t\trequired\t\t\t\/>\n\t\t\n\t\t\t\t\t<span class=\"placeholder\">Vorname<\/span>\n\t\t\t<\/div>\n\n\t<\/div>\n\n<style>\n    input[type=\"date\"]::-webkit-inner-spin-button,\n    input[type=\"date\"]::-webkit-calendar-picker-indicator {\n        display: none;\n        -webkit-appearance: none;\n    }\n<\/style>\n\n\n\n\n<div class=\"field-size-50 wp-block-niffler-form-input-field\">\n\t\n\t<div class=\"field\">\n\t\t\t\t\t<input\n\t\t\t\ttype=\"name\"\n\t\t\t\tname=\"nachname\"\n\t\t\t\tplaceholder=\"\"\n\t\t\t\trequired\t\t\t\/>\n\t\t\n\t\t\t\t\t<span class=\"placeholder\">Nachname<\/span>\n\t\t\t<\/div>\n\n\t<\/div>\n\n<style>\n    input[type=\"date\"]::-webkit-inner-spin-button,\n    input[type=\"date\"]::-webkit-calendar-picker-indicator {\n        display: none;\n        -webkit-appearance: none;\n    }\n<\/style>\n\n\n\n\n<div class=\"field-size-100 wp-block-niffler-form-input-field\">\n\t\n\t<div class=\"field\">\n\t\t\t\t\t<input\n\t\t\t\ttype=\"email\"\n\t\t\t\tname=\"email\"\n\t\t\t\tplaceholder=\"\"\n\t\t\t\trequired\t\t\t\/>\n\t\t\n\t\t\t\t\t<span class=\"placeholder\">E-Mail-Adresse<\/span>\n\t\t\t<\/div>\n\n\t<\/div>\n\n<style>\n    input[type=\"date\"]::-webkit-inner-spin-button,\n    input[type=\"date\"]::-webkit-calendar-picker-indicator {\n        display: none;\n        -webkit-appearance: none;\n    }\n<\/style>\n\n\n\n\n<div class=\"wp-block-niffler-form-choice-field\">\n\t\t\t<label class=\"field-label\">Zustellart<\/label>\n\t\n\t<div class=\"field is-orientation-horizontal\">\n\t\t\t\t\t\t\t\t\t<div class=\"checkbox\">\n\t\t\t\t\t<input\n\t\t\t\t\t\ttype=\"checkbox\"\n\t\t\t\t\t\tid=\"delivery-0\"\n\t\t\t\t\t\tname=\"delivery[]\"\n\t\t\t\t\t\tvalue=\"digital\"\n\t\t\t\t\t\t\t\t\t\t\t\tchecked\t\t\t\t\t\/>\n\t\t\t\t\t<label for=\"delivery-0\">\n\t\t\t\t\t\tDigital (per E-Mail)\t\t\t\t\t<\/label>\n\t\t\t\t<\/div>\n\t\t\t\t\t\t\t<div class=\"checkbox\">\n\t\t\t\t\t<input\n\t\t\t\t\t\ttype=\"checkbox\"\n\t\t\t\t\t\tid=\"delivery-1\"\n\t\t\t\t\t\tname=\"delivery[]\"\n\t\t\t\t\t\tvalue=\"post\"\n\t\t\t\t\t\t\t\t\t\t\t\t\t\t\t\t\t\/>\n\t\t\t\t\t<label for=\"delivery-1\">\n\t\t\t\t\t\tPostversand (per Post)\t\t\t\t\t<\/label>\n\t\t\t\t<\/div>\n\t\t\t\t\t\t<\/div>\n\n\t<\/div>\n\n<style>\n    .conditional-field {\n        display: none;\n    }\n    .conditional-field.conditional-visible {\n        display: block;\n    }\n<\/style>\n\n\n\n<div style=\"display: none; opacity: 0; transform: translateY(12px); height: 0; transition: all 0.3s ease; margin-bottom: 0;\" class=\"field-size-100 conditional-field wp-block-niffler-form-input-field\" data-conditional-field=\"delivery\" data-conditional-value=\"post\" data-conditional-operator=\"contains\">\n\t\n\t<div class=\"field\">\n\t\t\t\t\t<input\n\t\t\t\ttype=\"text\"\n\t\t\t\tname=\"adress\"\n\t\t\t\tplaceholder=\"\"\n\t\t\t\trequired\t\t\t\/>\n\t\t\n\t\t\t\t\t<span class=\"placeholder\">Adresse<\/span>\n\t\t\t<\/div>\n\n\t<\/div>\n\n<style>\n    input[type=\"date\"]::-webkit-inner-spin-button,\n    input[type=\"date\"]::-webkit-calendar-picker-indicator {\n        display: none;\n        -webkit-appearance: none;\n    }\n<\/style>\n\n\n\n\n<div style=\"display: none; opacity: 0; transform: translateY(12px); height: 0; transition: all 0.3s ease; margin-bottom: 0;\" class=\"field-size-50 conditional-field wp-block-niffler-form-input-field\" data-conditional-field=\"delivery\" data-conditional-value=\"post\" data-conditional-operator=\"contains\">\n\t\n\t<div class=\"field\">\n\t\t\t\t\t<input\n\t\t\t\ttype=\"text\"\n\t\t\t\tname=\"plz\"\n\t\t\t\tplaceholder=\"\"\n\t\t\t\trequired\t\t\t\/>\n\t\t\n\t\t\t\t\t<span class=\"placeholder\">PLZ<\/span>\n\t\t\t<\/div>\n\n\t<\/div>\n\n<style>\n    input[type=\"date\"]::-webkit-inner-spin-button,\n    input[type=\"date\"]::-webkit-calendar-picker-indicator {\n        display: none;\n        -webkit-appearance: none;\n    }\n<\/style>\n\n\n\n\n<div style=\"display: none; opacity: 0; transform: translateY(12px); height: 0; transition: all 0.3s ease; margin-bottom: 0;\" class=\"field-size-50 conditional-field wp-block-niffler-form-input-field\" data-conditional-field=\"delivery\" data-conditional-value=\"post\" data-conditional-operator=\"contains\">\n\t\n\t<div class=\"field\">\n\t\t\t\t\t<input\n\t\t\t\ttype=\"text\"\n\t\t\t\tname=\"ort\"\n\t\t\t\tplaceholder=\"\"\n\t\t\t\trequired\t\t\t\/>\n\t\t\n\t\t\t\t\t<span class=\"placeholder\">Ort<\/span>\n\t\t\t<\/div>\n\n\t<\/div>\n\n<style>\n    input[type=\"date\"]::-webkit-inner-spin-button,\n    input[type=\"date\"]::-webkit-calendar-picker-indicator {\n        display: none;\n        -webkit-appearance: none;\n    }\n<\/style>\n\n\n    <\/div>\n\n    <button type=\"submit\" class=\"wp-block-niffler-button\">Exemplar bestellen<\/button>\n\n            <div class=\"wp-block-niffler-form-disclaimer\">\n            Ja, ich bin damit einverstanden, regelm\u00e4ssig per E-Mail \u00fcber Neuigkeiten und Angebote der crowdhouse AG informiert zu werden, und stimme der Nutzung meiner Daten gem\u00e4ss der Datenschutzerkl\u00e4rung zu. Mein Einverst\u00e4ndnis hierzu kann ich jederzeit widerrufen.        <\/div>\n    <\/form>\n                            <\/div>\n        \n            <\/div>\n\n            <div class=\"background\" >\n            <!-- Display background image if available -->\n                            <img decoding=\"async\" src=\"https:\/\/crowdhouse.com\/ch\/wp-content\/uploads\/sites\/9\/2025\/06\/magazinheroback.jpg\" class=\"background-image\">\n                    <\/div>\n    <\/div>\n\n\n\n\n<div class=\"wp-block-niffler-section\" >\n    <div class=\"container\" >\n        \n\n<div class=\"vertical-align-top variation-text-text wp-block-niffler-columns\">\n    \n<div class=\"wp-block-niffler-article\">\n    \n\n<div class=\"wp-block-niffler-magazin-stack\">\n    <div class=\"card\">\n        <img decoding=\"async\" src=\"https:\/\/crowdhouse.com\/ch\/wp-content\/themes\/crowdhouse-merge\/assets\/magazin\/magazin_2025_12_cover.jpg\" alt=\"Cover\">\n    <\/div>\n    <div class=\"card\">\n        <img decoding=\"async\" src=\"https:\/\/crowdhouse.com\/ch\/wp-content\/themes\/crowdhouse-merge\/assets\/magazin\/magazin_2025_12_editorial.jpg\" alt=\"Editorial\">\n    <\/div>\n    <div class=\"card\">\n        <img decoding=\"async\" src=\"https:\/\/crowdhouse.com\/ch\/wp-content\/themes\/crowdhouse-merge\/assets\/magazin\/page3.png\" alt=\"Page\">\n        <div class=\"cta\">\n            <p class=\"title\">M\u00f6chten Sie das ganze Magazin lesen?<\/p>\n            <p class=\"description\">\n            F\u00fcllen Sie das Formular aus und erhalten Sie das vollst\u00e4ndige Magazin kostenlos als Download oder per Post.\n            <\/p>\n            <a href=\"#magazin-kostenlos-anfordern\" class=\"wp-block-niffler-button is-style-secondary\">Magazin kostenlos anfordern<\/a>\n        <\/div>\n    <\/div>\n<\/div>\n\n<\/div>\n\n<div class=\"wp-block-niffler-article\">\n    \n\n<h2 class=\"wp-block-heading magazin-inhalt-subtitle\" id=\"h-ausgabe-dezember-2025\">Ausgabe Dezember 2025<\/h2>\n\n\n\n<h2 class=\"wp-block-heading magazin-inhalt-title\" id=\"h-inhaltsverzeichnis\">Inhaltsverzeichnis<\/h2>\n\n\n\n<ul class=\"wp-block-list magazin-inhalt\">\n<li><strong>Robert Plantak<\/strong><br>Der crowdhouse CEO im Interview<\/li>\n\n\n\n<li><strong>Punktlandung bei 1%<\/strong><br>Die Leerwohungsziffer sinkt erneut<\/li>\n\n\n\n<li><strong>Steuern bei Renditeimmobilien<\/strong><br>Ein \u00dcberblick f\u00fcr Privatpersonen<\/li>\n\n\n\n<li><strong>Immobilien-Barometer 2025<\/strong><br>Das denken Schweizer Immobilien-Besitzer<\/li>\n\n\n\n<li><strong>Marco Salvi<\/strong><br>\u00abG\u00fcnstige Wohnungen entstehen durch Marktprozesse\u00bb<\/li>\n\n\n\n<li><strong>Steuern &amp; Renditeimmobilien<\/strong><br>Ein \u00dcberblick f\u00fcr Privatpersonen<\/li>\n\n\n\n<li><strong>Ranking 2025<\/strong><br>Die viel versprechendsten C-Standorte der Deutschschweiz<\/li>\n\n\n\n<li><strong>Miteigentum<\/strong><br>Erfolgreiche Exits und Refinanzierungen<\/li>\n\n\n\n<li><strong>Discounted Cash Flow<\/strong><br>So funktionieren Bewertungen bei Renditeimmobilien<\/li>\n<\/ul>\n\n<\/div>\n<\/div>\n    <\/div>\n    \n    <\/div>\n\n\n<div class=\"wp-block-niffler-section\" >\n    <div class=\"container\" >\n        \n<div class=\"wp-block-niffler-section-heading\">\n    \n\n<p class=\"section-heading-title wp-block-niffler-section-heading-part\">Unsere bisherigen Ausgaben<\/p>\n\n\n<p class=\"section-heading-subtitle wp-block-niffler-section-heading-part\">Entdecken Sie unsere fr\u00fcheren Magazine im Archiv.<\/p>\n<\/div>\n\n\n<div class=\"wp-block-niffler-magazin-carousel\">\n   <div class=\"swiper-container\">\n    <div class=\"swiper-wrapper\">\n        <div class=\"swiper-slide\">\n            <img decoding=\"async\" src=\"https:\/\/crowdhouse.com\/ch\/wp-content\/themes\/crowdhouse-merge\/assets\/magazin\/magazin_2025_cover.jpg\" alt=\"Magazin 2025 Cover\">\n            <div class=\"overlay\">\n                <p class=\"title\">Ausgabe 2025<\/p>\n                <a href=\"https:\/\/crowdhouse.com\/ch\/wp-content\/uploads\/sites\/9\/2025\/12\/Magazine-2025-06.pdf\" target=\"_blank\" class=\"wp-block-niffler-button is-style-secondary\">Herunterladen<\/a>\n            <\/div>\n        <\/div>\n        <div class=\"swiper-slide\">\n            <img decoding=\"async\" src=\"https:\/\/crowdhouse.com\/ch\/wp-content\/themes\/crowdhouse-merge\/assets\/magazin\/magazin_2024_cover.jpg\" alt=\"Magazin 2024 Cover\">\n            <div class=\"overlay\">\n                <p class=\"title\">Ausgabe 2024<\/p>\n                <a href=\"https:\/\/crowdhouse.com\/ch\/wp-content\/uploads\/sites\/9\/2025\/06\/Magazine-2024.pdf\" target=\"_blank\" class=\"wp-block-niffler-button is-style-secondary\">Herunterladen<\/a>\n            <\/div>\n        <\/div>\n        <div class=\"swiper-slide\">\n            <img decoding=\"async\" src=\"https:\/\/crowdhouse.com\/ch\/wp-content\/themes\/crowdhouse-merge\/assets\/magazin\/magazin_2023_cover.jpg\" alt=\"Magazin 2023 Cover\">\n            <div class=\"overlay\">\n                <p class=\"title\">Ausgabe 2023<\/p>\n                <a href=\"https:\/\/crowdhouse.com\/ch\/wp-content\/uploads\/sites\/9\/2025\/06\/Magazine-2023.pdf\" target=\"_blank\" class=\"wp-block-niffler-button is-style-secondary\">Herunterladen<\/a>\n            <\/div>\n        <\/div>\n        <div class=\"swiper-slide\">\n            <img decoding=\"async\" src=\"https:\/\/crowdhouse.com\/ch\/wp-content\/themes\/crowdhouse-merge\/assets\/magazin\/magazin_2022_cover.jpg\" alt=\"Magazin 2022 Cover\">\n            <div class=\"overlay\">\n                <p class=\"title\">Ausgabe 2022<\/p>\n                <a href=\"https:\/\/crowdhouse.com\/ch\/wp-content\/uploads\/sites\/9\/2025\/06\/Magazine-2022.pdf\" target=\"_blank\" class=\"wp-block-niffler-button is-style-secondary\">Herunterladen<\/a>\n            <\/div>\n        <\/div>\n        <div class=\"swiper-slide\">\n            <img decoding=\"async\" src=\"https:\/\/crowdhouse.com\/ch\/wp-content\/themes\/crowdhouse-merge\/assets\/magazin\/magazin_2021_cover.jpg\" alt=\"Magazin 2021 Cover\">\n            <div class=\"overlay\">\n                <p class=\"title\">Ausgabe 2021<\/p>\n                <a href=\"https:\/\/crowdhouse.com\/ch\/wp-content\/uploads\/sites\/9\/2025\/06\/Magazine-2021.pdf\" target=\"_blank\" class=\"wp-block-niffler-button is-style-secondary\">Herunterladen<\/a>\n            <\/div>\n        <\/div>\n    <\/div>\n   <\/div>\n\n   <div class=\"swiper-next\"><svg width=\"24\" height=\"24\" viewBox=\"0 0 24 24\" fill=\"none\" xmlns=\"http:\/\/www.w3.org\/2000\/svg\">\n<path fill-rule=\"evenodd\" clip-rule=\"evenodd\" d=\"M19.1893 12L14.4697 7.28033C14.1768 6.98744 14.1768 6.51256 14.4697 6.21967C14.7626 5.92678 15.2374 5.92678 15.5303 6.21967L21.3107 12L15.5303 17.7803C15.2374 18.0732 14.7626 18.0732 14.4697 17.7803C14.1768 17.4874 14.1768 17.0126 14.4697 16.7197L19.1893 12ZM3.75 12.75C3.33579 12.75 3 12.4142 3 12C3 11.5858 3.33579 11.25 3.75 11.25H15.75C16.1642 11.25 16.5 11.5858 16.5 12C16.5 12.4142 16.1642 12.75 15.75 12.75H3.75Z\" fill=\"currentColor\"\/>\n<\/svg>\n<\/div>\n   <div class=\"swiper-prev\"><svg width=\"24\" height=\"24\" viewBox=\"0 0 24 24\" fill=\"none\" xmlns=\"http:\/\/www.w3.org\/2000\/svg\">\n<path fill-rule=\"evenodd\" clip-rule=\"evenodd\" d=\"M4.81067 12L9.53034 16.7197C9.82323 17.0126 9.82323 17.4874 9.53034 17.7803C9.23744 18.0732 8.76257 18.0732 8.46968 17.7803L2.68935 12L8.46968 6.21967C8.76257 5.92678 9.23744 5.92678 9.53034 6.21967C9.82323 6.51256 9.82323 6.98744 9.53034 7.28033L4.81067 12ZM20.25 11.25C20.6642 11.25 21 11.5858 21 12C21 12.4142 20.6642 12.75 20.25 12.75H8.25001C7.83579 12.75 7.50001 12.4142 7.50001 12C7.50001 11.5858 7.83579 11.25 8.25001 11.25H20.25Z\" fill=\"currentColor\"\/>\n<\/svg>\n<\/div>\n<\/div>\n\n<link rel=\"stylesheet\" href=\"https:\/\/unpkg.com\/swiper\/swiper-bundle.min.css\">\n<script src=\"https:\/\/unpkg.com\/swiper\/swiper-bundle.min.js\"><\/script>\n<script>\n    document.addEventListener('DOMContentLoaded', function () {\n        var swiper = new Swiper('.swiper-container', {\n            slidesPerView: 1,\n            spaceBetween: 40,\n            loop: true,\n            navigation: {\n                nextEl: '.swiper-next',\n                prevEl: '.swiper-prev',\n            },\n            breakpoints: {\n                600: {\n                    slidesPerView: 2\n                },\n                960: {\n                    slidesPerView: 3\n                }\n            },\n            on: {\n                init: function () {\n                    updateVisibleSlides(this);\n                },\n                slideChange: function () {\n                    updateVisibleSlides(this);\n                },\n                resize: function () {\n                    updateVisibleSlides(this);\n                }\n            }\n        });\n\n        function updateVisibleSlides(swiper) {\n            \/\/ Remove class from all slides first\n            swiper.slides.forEach(slide => {\n                slide.classList.remove('is-visible');\n            });\n\n            \/\/ Get the current active index\n            const activeIndex = swiper.activeIndex;\n            const slidesPerView = swiper.params.slidesPerView;\n\n            \/\/ Add class to all visible slides\n            for (let i = 0; i < slidesPerView; i++) {\n                const slideIndex = (activeIndex + i) % swiper.slides.length;\n                swiper.slides[slideIndex].classList.add('is-visible');\n            }\n        }\n    });\n<\/script>\n    <\/div>\n    \n    <\/div>","protected":false},"excerpt":{"rendered":"","protected":false},"author":1,"featured_media":36780,"parent":0,"menu_order":0,"comment_status":"closed","ping_status":"closed","template":"","meta":{"_acf_changed":false,"inline_featured_image":false,"footnotes":""},"class_list":["post-37253","page","type-page","status-publish","has-post-thumbnail","hentry"],"acf":[],"yoast_head":"<!-- This site is optimized with the Yoast SEO plugin v27.2 - https:\/\/yoast.com\/product\/yoast-seo-wordpress\/ -->\n<title>Magazin - crowdhouse :: Switzerland<\/title>\n<meta name=\"robots\" content=\"index, follow, max-snippet:-1, max-image-preview:large, max-video-preview:-1\" \/>\n<link rel=\"canonical\" href=\"https:\/\/crowdhouse.com\/ch\/de\/magazin\/\" \/>\n<meta property=\"og:locale\" content=\"en_US\" \/>\n<meta property=\"og:type\" content=\"article\" \/>\n<meta property=\"og:title\" content=\"Magazin - crowdhouse :: Switzerland\" \/>\n<meta property=\"og:url\" content=\"https:\/\/crowdhouse.com\/ch\/de\/magazin\/\" \/>\n<meta property=\"og:site_name\" content=\"crowdhouse :: Switzerland\" \/>\n<meta property=\"article:modified_time\" content=\"2025-12-19T13:13:49+00:00\" \/>\n<meta name=\"twitter:card\" content=\"summary_large_image\" \/>\n<meta name=\"twitter:label1\" content=\"Est. reading time\" \/>\n\t<meta name=\"twitter:data1\" content=\"1 minute\" \/>\n<script type=\"application\/ld+json\" class=\"yoast-schema-graph\">{\"@context\":\"https:\/\/schema.org\",\"@graph\":[{\"@type\":\"WebPage\",\"@id\":\"https:\/\/crowdhouse.com\/ch\/de\/magazin\/\",\"url\":\"https:\/\/crowdhouse.com\/ch\/de\/magazin\/\",\"name\":\"Magazin - crowdhouse :: Switzerland\",\"isPartOf\":{\"@id\":\"https:\/\/crowdhouse.com\/ch\/#website\"},\"primaryImageOfPage\":{\"@id\":\"https:\/\/crowdhouse.com\/ch\/de\/magazin\/#primaryimage\"},\"image\":{\"@id\":\"https:\/\/crowdhouse.com\/ch\/de\/magazin\/#primaryimage\"},\"thumbnailUrl\":\"https:\/\/crowdhouse.com\/ch\/wp-content\/uploads\/sites\/9\/2024\/12\/defaultfeaturedimage.jpg\",\"datePublished\":\"2025-06-19T05:00:17+00:00\",\"dateModified\":\"2025-12-19T13:13:49+00:00\",\"breadcrumb\":{\"@id\":\"https:\/\/crowdhouse.com\/ch\/de\/magazin\/#breadcrumb\"},\"inLanguage\":\"en-US\",\"potentialAction\":[{\"@type\":\"ReadAction\",\"target\":[\"https:\/\/crowdhouse.com\/ch\/de\/magazin\/\"]}]},{\"@type\":\"ImageObject\",\"inLanguage\":\"en-US\",\"@id\":\"https:\/\/crowdhouse.com\/ch\/de\/magazin\/#primaryimage\",\"url\":\"https:\/\/crowdhouse.com\/ch\/wp-content\/uploads\/sites\/9\/2024\/12\/defaultfeaturedimage.jpg\",\"contentUrl\":\"https:\/\/crowdhouse.com\/ch\/wp-content\/uploads\/sites\/9\/2024\/12\/defaultfeaturedimage.jpg\",\"width\":2560,\"height\":1344,\"caption\":\"crowdhouse\"},{\"@type\":\"BreadcrumbList\",\"@id\":\"https:\/\/crowdhouse.com\/ch\/de\/magazin\/#breadcrumb\",\"itemListElement\":[{\"@type\":\"ListItem\",\"position\":1,\"name\":\"Home\",\"item\":\"https:\/\/crowdhouse.com\/ch\/de\/\"},{\"@type\":\"ListItem\",\"position\":2,\"name\":\"Magazin\"}]},{\"@type\":\"WebSite\",\"@id\":\"https:\/\/crowdhouse.com\/ch\/#website\",\"url\":\"https:\/\/crowdhouse.com\/ch\/\",\"name\":\"crowdhouse :: Switzerland\",\"description\":\"\",\"potentialAction\":[{\"@type\":\"SearchAction\",\"target\":{\"@type\":\"EntryPoint\",\"urlTemplate\":\"https:\/\/crowdhouse.com\/ch\/?s={search_term_string}\"},\"query-input\":{\"@type\":\"PropertyValueSpecification\",\"valueRequired\":true,\"valueName\":\"search_term_string\"}}],\"inLanguage\":\"en-US\"}]}<\/script>\n<!-- \/ Yoast SEO plugin. -->","yoast_head_json":{"title":"Magazin - crowdhouse :: Switzerland","robots":{"index":"index","follow":"follow","max-snippet":"max-snippet:-1","max-image-preview":"max-image-preview:large","max-video-preview":"max-video-preview:-1"},"canonical":"https:\/\/crowdhouse.com\/ch\/de\/magazin\/","og_locale":"en_US","og_type":"article","og_title":"Magazin - crowdhouse :: Switzerland","og_url":"https:\/\/crowdhouse.com\/ch\/de\/magazin\/","og_site_name":"crowdhouse :: Switzerland","article_modified_time":"2025-12-19T13:13:49+00:00","twitter_card":"summary_large_image","twitter_misc":{"Est. reading time":"1 minute"},"schema":{"@context":"https:\/\/schema.org","@graph":[{"@type":"WebPage","@id":"https:\/\/crowdhouse.com\/ch\/de\/magazin\/","url":"https:\/\/crowdhouse.com\/ch\/de\/magazin\/","name":"Magazin - crowdhouse :: Switzerland","isPartOf":{"@id":"https:\/\/crowdhouse.com\/ch\/#website"},"primaryImageOfPage":{"@id":"https:\/\/crowdhouse.com\/ch\/de\/magazin\/#primaryimage"},"image":{"@id":"https:\/\/crowdhouse.com\/ch\/de\/magazin\/#primaryimage"},"thumbnailUrl":"https:\/\/crowdhouse.com\/ch\/wp-content\/uploads\/sites\/9\/2024\/12\/defaultfeaturedimage.jpg","datePublished":"2025-06-19T05:00:17+00:00","dateModified":"2025-12-19T13:13:49+00:00","breadcrumb":{"@id":"https:\/\/crowdhouse.com\/ch\/de\/magazin\/#breadcrumb"},"inLanguage":"en-US","potentialAction":[{"@type":"ReadAction","target":["https:\/\/crowdhouse.com\/ch\/de\/magazin\/"]}]},{"@type":"ImageObject","inLanguage":"en-US","@id":"https:\/\/crowdhouse.com\/ch\/de\/magazin\/#primaryimage","url":"https:\/\/crowdhouse.com\/ch\/wp-content\/uploads\/sites\/9\/2024\/12\/defaultfeaturedimage.jpg","contentUrl":"https:\/\/crowdhouse.com\/ch\/wp-content\/uploads\/sites\/9\/2024\/12\/defaultfeaturedimage.jpg","width":2560,"height":1344,"caption":"crowdhouse"},{"@type":"BreadcrumbList","@id":"https:\/\/crowdhouse.com\/ch\/de\/magazin\/#breadcrumb","itemListElement":[{"@type":"ListItem","position":1,"name":"Home","item":"https:\/\/crowdhouse.com\/ch\/de\/"},{"@type":"ListItem","position":2,"name":"Magazin"}]},{"@type":"WebSite","@id":"https:\/\/crowdhouse.com\/ch\/#website","url":"https:\/\/crowdhouse.com\/ch\/","name":"crowdhouse :: Switzerland","description":"","potentialAction":[{"@type":"SearchAction","target":{"@type":"EntryPoint","urlTemplate":"https:\/\/crowdhouse.com\/ch\/?s={search_term_string}"},"query-input":{"@type":"PropertyValueSpecification","valueRequired":true,"valueName":"search_term_string"}}],"inLanguage":"en-US"}]}},"lang":"de","translations":{"de":37253},"pll_sync_post":[],"_links":{"self":[{"href":"https:\/\/crowdhouse.com\/ch\/wp-json\/wp\/v2\/pages\/37253","targetHints":{"allow":["GET"]}}],"collection":[{"href":"https:\/\/crowdhouse.com\/ch\/wp-json\/wp\/v2\/pages"}],"about":[{"href":"https:\/\/crowdhouse.com\/ch\/wp-json\/wp\/v2\/types\/page"}],"author":[{"embeddable":true,"href":"https:\/\/crowdhouse.com\/ch\/wp-json\/wp\/v2\/users\/1"}],"replies":[{"embeddable":true,"href":"https:\/\/crowdhouse.com\/ch\/wp-json\/wp\/v2\/comments?post=37253"}],"version-history":[{"count":10,"href":"https:\/\/crowdhouse.com\/ch\/wp-json\/wp\/v2\/pages\/37253\/revisions"}],"predecessor-version":[{"id":38038,"href":"https:\/\/crowdhouse.com\/ch\/wp-json\/wp\/v2\/pages\/37253\/revisions\/38038"}],"wp:featuredmedia":[{"embeddable":true,"href":"https:\/\/crowdhouse.com\/ch\/wp-json\/wp\/v2\/media\/36780"}],"wp:attachment":[{"href":"https:\/\/crowdhouse.com\/ch\/wp-json\/wp\/v2\/media?parent=37253"}],"curies":[{"name":"wp","href":"https:\/\/api.w.org\/{rel}","templated":true}]}}