 {"id":37429,"date":"2025-07-31T17:07:25","date_gmt":"2025-07-31T16:07:25","guid":{"rendered":"https:\/\/crowdhouse.com\/ch\/?page_id=37429"},"modified":"2025-07-31T17:07:25","modified_gmt":"2025-07-31T16:07:25","slug":"feedback_investoren","status":"publish","type":"page","link":"https:\/\/crowdhouse.com\/ch\/de\/feedback_investoren\/","title":{"rendered":"Feedback_Investoren"},"content":{"rendered":"\n<div class=\"background-brand-primaryAccessible is-style-basic-addon wp-block-ch-hero\">\n\n    \n    <div class=\"container\">\n        <div class=\"content\">\n            <!-- Display title and subtitle -->\n            <h1 class=\"hero-title\">crowdhouse Feedback Formular<\/h1>\n            <p class=\"hero-subtitle\">Wir freuen uns \u00fcber s\u00e4mtliches Feedback, Anregungen und Verbesserungsvorschl\u00e4ge.<\/p>\n\n                    <\/div>\n\n        <!-- Conditional rendering for addon based on className -->\n                    <div class=\"addon\">\n                                    \n\n<form class=\"wp-function-niffler-form-submit wp-block-niffler-form\" data-uid=\"48678158-3d14-4fdf-be4d-4a1f5889e7c6\" data-form-name=\"Feedback Formular\">\n\n    <div class=\"form-fields\">\n        \n\n<div class=\"field-size-100 wp-block-niffler-form-input-field\">\n\t\t\t<label class=\"field-label\">Bitte teilen Sie uns mit was wir verbessern k\u00f6nnen.<\/label>\n\t\n\t<div class=\"field\">\n\t\t\t\t\t<textarea\n\t\t\t\tname=\"message\"\n\t\t\t\tplaceholder=\"\"\n\t\t\t\trows=\"6\"\n\t\t\t\trequired\t\t\t><\/textarea>\n\t\t\n\t\t\t\t\t<span class=\"placeholder\">Ihre Nachricht<\/span>\n\t\t\t<\/div>\n\n\t<\/div>\n\n<style>\n    input[type=\"date\"]::-webkit-inner-spin-button,\n    input[type=\"date\"]::-webkit-calendar-picker-indicator {\n        display: none;\n        -webkit-appearance: none;\n    }\n<\/style>\n\n\n    <\/div>\n\n    <button type=\"submit\" class=\"wp-block-niffler-button\">Feedback senden<\/button>\n\n            <div class=\"wp-block-niffler-form-disclaimer\">\n            Dieses Formular ist anonym. Wenn Sie eine R\u00fcckmeldung w\u00fcnschen, f\u00fcgen Sie bitte Ihre Kontaktinformationen in Ihre Nachricht ein.        <\/div>\n    <\/form>\n                            <\/div>\n        \n            <\/div>\n\n            <div class=\"background\" >\n            <!-- Display background image if available -->\n                            <img decoding=\"async\" src=\"https:\/\/crowdhouse.com\/ch\/wp-content\/uploads\/sites\/9\/2024\/09\/Photo-by-Brandon-Griggs-on-Unsplash-scaled-1.jpg\" class=\"background-image\">\n                    <\/div>\n    <\/div>\n\n","protected":false},"excerpt":{"rendered":"","protected":false},"author":7,"featured_media":36780,"parent":0,"menu_order":0,"comment_status":"closed","ping_status":"closed","template":"","meta":{"_acf_changed":false,"inline_featured_image":false,"footnotes":""},"class_list":["post-37429","page","type-page","status-publish","has-post-thumbnail","hentry"],"acf":[],"yoast_head":"<!-- This site is optimized with the Yoast SEO plugin v27.2 - https:\/\/yoast.com\/product\/yoast-seo-wordpress\/ -->\n<title>Feedback_Investoren - crowdhouse :: Switzerland<\/title>\n<meta name=\"robots\" content=\"index, follow, max-snippet:-1, max-image-preview:large, max-video-preview:-1\" \/>\n<link rel=\"canonical\" href=\"https:\/\/crowdhouse.com\/ch\/de\/feedback_investoren\/\" \/>\n<meta property=\"og:locale\" content=\"en_US\" \/>\n<meta property=\"og:type\" content=\"article\" \/>\n<meta property=\"og:title\" content=\"Feedback_Investoren - crowdhouse :: Switzerland\" \/>\n<meta property=\"og:url\" content=\"https:\/\/crowdhouse.com\/ch\/de\/feedback_investoren\/\" \/>\n<meta property=\"og:site_name\" content=\"crowdhouse :: Switzerland\" \/>\n<meta name=\"twitter:card\" content=\"summary_large_image\" \/>\n<script type=\"application\/ld+json\" class=\"yoast-schema-graph\">{\"@context\":\"https:\/\/schema.org\",\"@graph\":[{\"@type\":\"WebPage\",\"@id\":\"https:\/\/crowdhouse.com\/ch\/de\/feedback_investoren\/\",\"url\":\"https:\/\/crowdhouse.com\/ch\/de\/feedback_investoren\/\",\"name\":\"Feedback_Investoren - crowdhouse :: Switzerland\",\"isPartOf\":{\"@id\":\"https:\/\/crowdhouse.com\/ch\/#website\"},\"primaryImageOfPage\":{\"@id\":\"https:\/\/crowdhouse.com\/ch\/de\/feedback_investoren\/#primaryimage\"},\"image\":{\"@id\":\"https:\/\/crowdhouse.com\/ch\/de\/feedback_investoren\/#primaryimage\"},\"thumbnailUrl\":\"https:\/\/crowdhouse.com\/ch\/wp-content\/uploads\/sites\/9\/2024\/12\/defaultfeaturedimage.jpg\",\"datePublished\":\"2025-07-31T16:07:25+00:00\",\"breadcrumb\":{\"@id\":\"https:\/\/crowdhouse.com\/ch\/de\/feedback_investoren\/#breadcrumb\"},\"inLanguage\":\"en-US\",\"potentialAction\":[{\"@type\":\"ReadAction\",\"target\":[\"https:\/\/crowdhouse.com\/ch\/de\/feedback_investoren\/\"]}]},{\"@type\":\"ImageObject\",\"inLanguage\":\"en-US\",\"@id\":\"https:\/\/crowdhouse.com\/ch\/de\/feedback_investoren\/#primaryimage\",\"url\":\"https:\/\/crowdhouse.com\/ch\/wp-content\/uploads\/sites\/9\/2024\/12\/defaultfeaturedimage.jpg\",\"contentUrl\":\"https:\/\/crowdhouse.com\/ch\/wp-content\/uploads\/sites\/9\/2024\/12\/defaultfeaturedimage.jpg\",\"width\":2560,\"height\":1344,\"caption\":\"crowdhouse\"},{\"@type\":\"BreadcrumbList\",\"@id\":\"https:\/\/crowdhouse.com\/ch\/de\/feedback_investoren\/#breadcrumb\",\"itemListElement\":[{\"@type\":\"ListItem\",\"position\":1,\"name\":\"Home\",\"item\":\"https:\/\/crowdhouse.com\/ch\/de\/\"},{\"@type\":\"ListItem\",\"position\":2,\"name\":\"Feedback_Investoren\"}]},{\"@type\":\"WebSite\",\"@id\":\"https:\/\/crowdhouse.com\/ch\/#website\",\"url\":\"https:\/\/crowdhouse.com\/ch\/\",\"name\":\"crowdhouse :: Switzerland\",\"description\":\"\",\"potentialAction\":[{\"@type\":\"SearchAction\",\"target\":{\"@type\":\"EntryPoint\",\"urlTemplate\":\"https:\/\/crowdhouse.com\/ch\/?s={search_term_string}\"},\"query-input\":{\"@type\":\"PropertyValueSpecification\",\"valueRequired\":true,\"valueName\":\"search_term_string\"}}],\"inLanguage\":\"en-US\"}]}<\/script>\n<!-- \/ Yoast SEO plugin. -->","yoast_head_json":{"title":"Feedback_Investoren - crowdhouse :: Switzerland","robots":{"index":"index","follow":"follow","max-snippet":"max-snippet:-1","max-image-preview":"max-image-preview:large","max-video-preview":"max-video-preview:-1"},"canonical":"https:\/\/crowdhouse.com\/ch\/de\/feedback_investoren\/","og_locale":"en_US","og_type":"article","og_title":"Feedback_Investoren - crowdhouse :: Switzerland","og_url":"https:\/\/crowdhouse.com\/ch\/de\/feedback_investoren\/","og_site_name":"crowdhouse :: Switzerland","twitter_card":"summary_large_image","schema":{"@context":"https:\/\/schema.org","@graph":[{"@type":"WebPage","@id":"https:\/\/crowdhouse.com\/ch\/de\/feedback_investoren\/","url":"https:\/\/crowdhouse.com\/ch\/de\/feedback_investoren\/","name":"Feedback_Investoren - crowdhouse :: Switzerland","isPartOf":{"@id":"https:\/\/crowdhouse.com\/ch\/#website"},"primaryImageOfPage":{"@id":"https:\/\/crowdhouse.com\/ch\/de\/feedback_investoren\/#primaryimage"},"image":{"@id":"https:\/\/crowdhouse.com\/ch\/de\/feedback_investoren\/#primaryimage"},"thumbnailUrl":"https:\/\/crowdhouse.com\/ch\/wp-content\/uploads\/sites\/9\/2024\/12\/defaultfeaturedimage.jpg","datePublished":"2025-07-31T16:07:25+00:00","breadcrumb":{"@id":"https:\/\/crowdhouse.com\/ch\/de\/feedback_investoren\/#breadcrumb"},"inLanguage":"en-US","potentialAction":[{"@type":"ReadAction","target":["https:\/\/crowdhouse.com\/ch\/de\/feedback_investoren\/"]}]},{"@type":"ImageObject","inLanguage":"en-US","@id":"https:\/\/crowdhouse.com\/ch\/de\/feedback_investoren\/#primaryimage","url":"https:\/\/crowdhouse.com\/ch\/wp-content\/uploads\/sites\/9\/2024\/12\/defaultfeaturedimage.jpg","contentUrl":"https:\/\/crowdhouse.com\/ch\/wp-content\/uploads\/sites\/9\/2024\/12\/defaultfeaturedimage.jpg","width":2560,"height":1344,"caption":"crowdhouse"},{"@type":"BreadcrumbList","@id":"https:\/\/crowdhouse.com\/ch\/de\/feedback_investoren\/#breadcrumb","itemListElement":[{"@type":"ListItem","position":1,"name":"Home","item":"https:\/\/crowdhouse.com\/ch\/de\/"},{"@type":"ListItem","position":2,"name":"Feedback_Investoren"}]},{"@type":"WebSite","@id":"https:\/\/crowdhouse.com\/ch\/#website","url":"https:\/\/crowdhouse.com\/ch\/","name":"crowdhouse :: Switzerland","description":"","potentialAction":[{"@type":"SearchAction","target":{"@type":"EntryPoint","urlTemplate":"https:\/\/crowdhouse.com\/ch\/?s={search_term_string}"},"query-input":{"@type":"PropertyValueSpecification","valueRequired":true,"valueName":"search_term_string"}}],"inLanguage":"en-US"}]}},"lang":"de","translations":{"de":37429,"en":38129},"pll_sync_post":[],"_links":{"self":[{"href":"https:\/\/crowdhouse.com\/ch\/wp-json\/wp\/v2\/pages\/37429","targetHints":{"allow":["GET"]}}],"collection":[{"href":"https:\/\/crowdhouse.com\/ch\/wp-json\/wp\/v2\/pages"}],"about":[{"href":"https:\/\/crowdhouse.com\/ch\/wp-json\/wp\/v2\/types\/page"}],"author":[{"embeddable":true,"href":"https:\/\/crowdhouse.com\/ch\/wp-json\/wp\/v2\/users\/7"}],"replies":[{"embeddable":true,"href":"https:\/\/crowdhouse.com\/ch\/wp-json\/wp\/v2\/comments?post=37429"}],"version-history":[{"count":2,"href":"https:\/\/crowdhouse.com\/ch\/wp-json\/wp\/v2\/pages\/37429\/revisions"}],"predecessor-version":[{"id":37431,"href":"https:\/\/crowdhouse.com\/ch\/wp-json\/wp\/v2\/pages\/37429\/revisions\/37431"}],"wp:featuredmedia":[{"embeddable":true,"href":"https:\/\/crowdhouse.com\/ch\/wp-json\/wp\/v2\/media\/36780"}],"wp:attachment":[{"href":"https:\/\/crowdhouse.com\/ch\/wp-json\/wp\/v2\/media?parent=37429"}],"curies":[{"name":"wp","href":"https:\/\/api.w.org\/{rel}","templated":true}]}}