 {"id":38526,"date":"2026-04-28T19:54:54","date_gmt":"2026-04-28T18:54:54","guid":{"rendered":"https:\/\/crowdhouse.com\/ch\/?page_id=38526"},"modified":"2026-04-28T19:54:54","modified_gmt":"2026-04-28T18:54:54","slug":"ziele-der-miteigent-mergemeinschaften","status":"publish","type":"page","link":"https:\/\/crowdhouse.com\/ch\/de\/ziele-der-miteigent-mergemeinschaften\/","title":{"rendered":"Ziele der Miteigent\u00fcmergemeinschaften"},"content":{"rendered":"\n<div class=\"background-brand-primaryAccessible is-style-basic-center wp-block-ch-hero\">\n\n    \n    <div class=\"container\">\n        <div class=\"content\">\n            <!-- Display title and subtitle -->\n            <h1 class=\"hero-title\">Sechs gemeinsame Ziele der Miteigent\u00fcmer-Gemeinschaft<\/h1>\n            <p class=\"hero-subtitle\">In jeder crowdhouse-Miteigent\u00fcmer-Gemeinschaft verpflichten sich die Beteiligten vertraglich auf sechs gleichwertige, nebeneinander stehende Ziele:<\/p>\n\n                            <!-- Render inner blocks content -->\n                <div class=\"hero-inner-blocks\">\n                    \n\n<p><\/p>\n\n                <\/div>\n                    <\/div>\n\n        <!-- Conditional rendering for addon based on className -->\n        \n            <\/div>\n\n            <div class=\"background\" style=\"opacity: 0.1\">\n            <!-- Display background image if available -->\n                    <\/div>\n    <\/div>\n\n\n\n\n<div class=\"wp-block-niffler-section\" >\n    <div class=\"container\" >\n        \n\n<div class=\"addAnimationSteps variation-usps columns-3 wp-block-niffler-grid\" data-speed=\"150\" style=\"--accent-color: var(--colors-brand-primary);\">\n            \n\n<div class=\"wp-block-niffler-card-usp\">\n    <span class=\"icon\"><svg width=\"24\" height=\"24\" viewBox=\"0 0 24 24\" fill=\"none\" xmlns=\"http:\/\/www.w3.org\/2000\/svg\">\n<path fill-rule=\"evenodd\" clip-rule=\"evenodd\" d=\"M19.5 20.25C19.5 20.6642 19.1642 21 18.75 21C18.3358 21 18 20.6642 18 20.25V3.75C18 3.33579 18.3358 3 18.75 3C19.1642 3 19.5 3.33579 19.5 3.75V20.25ZM15 20.25C15 20.6642 14.6642 21 14.25 21C13.8358 21 13.5 20.6642 13.5 20.25V8.25C13.5 7.83579 13.8358 7.5 14.25 7.5C14.6642 7.5 15 7.83579 15 8.25V20.25ZM10.5 20.25C10.5 20.6642 10.1642 21 9.75 21C9.33579 21 9 20.6642 9 20.25V12.75C9 12.3358 9.33579 12 9.75 12C10.1642 12 10.5 12.3358 10.5 12.75V20.25ZM6 20.25C6 20.6642 5.66421 21 5.25 21C4.83579 21 4.5 20.6642 4.5 20.25V15.75C4.5 15.3358 4.83579 15 5.25 15C5.66421 15 6 15.3358 6 15.75V20.25Z\" fill=\"currentColor\"\/>\n<\/svg>\n<\/span><p class=\"title\"><strong>Verm\u00f6gen erhalten und mehren<\/strong><\/p><div class=\"content\">\n\n<p>durch Mietertr\u00e4ge und langfristige Wertentwicklung der Liegenschaft, als eigenverantwortliche Vorsorge<\/p>\n\n<\/div><\/div>\n\n\n<div class=\"wp-block-niffler-card-usp\">\n    <span class=\"icon\"><svg width=\"24\" height=\"24\" viewBox=\"0 0 24 24\" fill=\"none\" xmlns=\"http:\/\/www.w3.org\/2000\/svg\">\n<path fill-rule=\"evenodd\" clip-rule=\"evenodd\" d=\"M12 1.36935L22.1432 7.61124C22.4958 7.82834 22.6059 8.29029 22.3887 8.64306C22.1717 8.99583 21.7097 9.10582 21.357 8.88873L12 3.13062L2.64309 8.88873C2.29032 9.10582 1.82837 8.99583 1.61127 8.64306C1.39418 8.29029 1.50417 7.82834 1.85694 7.61124L12 1.36935ZM16.6035 9.23964C16.923 8.92013 17.441 8.92013 17.7605 9.23964C18.0801 9.55916 18.0801 10.0772 17.7605 10.3967L11.4546 16.7025L9.23973 14.4876C8.92022 14.1681 8.92022 13.6501 9.23973 13.3305C9.55925 13.011 10.0773 13.011 10.3968 13.3305L11.4546 14.3884L16.6035 9.23964ZM18.7502 12.75C19.1643 12.75 19.5002 13.0858 19.5002 13.5V21H4.50009V10.5C4.50009 10.0858 4.83588 9.75 5.25009 9.75C5.6643 9.75 6.00009 10.0858 6.00009 10.5V19.5H18.0002V13.5C18.0002 13.0858 18.336 12.75 18.7502 12.75Z\" fill=\"currentColor\"\/>\n<\/svg>\n<\/span><p class=\"title\"><strong><strong>Dringend ben\u00f6tigten Wohnraum bereitstellen<\/strong><\/strong><\/p><div class=\"content\">\n\n<p>bei marktgerechten Mieten und einer stabilen, langfristig ausgerichteten Eigent\u00fcmerstruktur.<\/p>\n\n<\/div><\/div>\n\n\n<div class=\"wp-block-niffler-card-usp\">\n    <span class=\"icon\"><svg xmlns=\"http:\/\/www.w3.org\/2000\/svg\" width=\"24\" height=\"24\" viewBox=\"0 0 24 24\">\n  <path fill=\"currentColor\" fill-rule=\"evenodd\"  d=\"M22.5,7.12541757 L16.8682003,1.5 L13.5151898,4.84912583 L10.7914289,4.84912583 C9.22652359,4.84912583 7.93794423,6.03085336 7.77127358,7.54964069 L4.71470318,10.5721621 L4.71470318,13.687431 L1.5,16.8984218 L7.10794842,22.5 L11.1061145,18.5064818 L13.0702638,18.5064818 C14.3181895,18.5064818 15.3336636,17.5000976 15.3377654,16.2528913 L16.1198459,16.2528913 C17.3702935,16.2528913 18.3873931,15.2425617 18.3873931,13.9919108 L18.3873931,13.908526 L19.1582315,13.908526 C20.4086791,13.908526 21.4257787,12.8980902 21.4257787,11.6474848 C21.4257787,10.7150164 20.856841,9.91528089 20.0468074,9.5757021 L22.5,7.12541757 Z M7.75304327,9.70297207 L7.75304327,11.6777279 C7.75304327,11.9601134 7.80452871,12.2304957 7.89862752,12.4799976 C8.22340056,13.3413423 9.05603977,13.9540804 10.0319389,13.95405 C11.2904534,13.9540197 12.3106673,12.9349343 12.3106673,11.6778493 L12.3106673,10.9190854 L19.1773734,10.9190854 C19.5801114,10.9190854 19.9065859,11.2452043 19.9065859,11.6474848 C19.9065859,12.0562904 19.5734269,12.3910589 19.1582315,12.3910589 L16.8682003,12.3910589 L16.8682003,13.9919108 C16.8682003,14.4007165 16.5350413,14.7354242 16.1198459,14.7354242 L13.8186181,14.7354242 L13.8186181,16.245304 C13.8186181,16.6541096 13.4854288,16.9890146 13.0702638,16.9890146 L10.4768345,16.9890146 L7.10794842,20.353998 L3.64847289,16.8984218 L6.23389601,14.3159963 L6.23389601,11.2051887 L7.75304327,9.70297207 Z M18.0727683,9.40149687 L20.3515575,7.12538723 L16.8682003,3.64600202 L14.1444394,6.36659296 L10.7914289,6.36659296 C9.95637421,6.36659296 9.27867748,7.03957446 9.27228168,7.87217832 L9.27228168,11.6778493 C9.27228168,11.771128 9.28912952,11.8604765 9.31996914,11.9430267 C9.42766472,12.2312241 9.70575297,12.4364615 10.0318325,12.4364615 C10.4513424,12.4364615 10.7914289,12.0967765 10.7914289,11.6777279 L10.7914289,9.40161827 L18.0727683,9.40149687 Z\" \/>\n<\/svg><\/span><p class=\"title\"><strong><strong><strong><strong><strong>Mieterinnen und Mieter fair behandeln<\/strong><\/strong><\/strong><\/strong><\/strong><\/p><div class=\"content\">\n\n<p>verl\u00e4sslicher, transparenter, professioneller Mieterservice; Mieten am Marktniveau, nicht an der Obergrenze.<\/p>\n\n<\/div><\/div>\n\n\n<div class=\"wp-block-niffler-card-usp\">\n    <span class=\"icon\"><svg width=\"24\" height=\"24\" viewBox=\"0 0 24 24\" fill=\"none\" xmlns=\"http:\/\/www.w3.org\/2000\/svg\">\n<path fill-rule=\"evenodd\" clip-rule=\"evenodd\" d=\"M12 1.36935L22.1432 7.61124C22.4958 7.82834 22.6059 8.29029 22.3887 8.64306C22.1717 8.99583 21.7097 9.10582 21.357 8.88873L12 3.13062L2.64309 8.88873C2.29032 9.10582 1.82837 8.99583 1.61127 8.64306C1.39418 8.29029 1.50417 7.82834 1.85694 7.61124L12 1.36935ZM17.0766 10.7592C17.1003 10.6159 17.2803 10.5954 17.3487 10.6978L17.3724 10.7592L17.957 14.2657C17.9639 14.3079 17.9883 14.3439 18.0225 14.3664L18.0803 14.3889L21.5868 14.9735C21.7301 14.9972 21.7505 15.1771 21.6482 15.2456L21.5868 15.2692L18.0803 15.8538C18.038 15.8608 18.002 15.8851 17.9795 15.9193L17.957 15.9771L17.3724 19.4837C17.3486 19.6269 17.1687 19.6473 17.1003 19.545L17.0766 19.4837L16.4921 15.9771C16.485 15.9349 16.4607 15.8988 16.4265 15.8763L16.3688 15.8538L12.8622 15.2692C12.719 15.2454 12.6985 15.0656 12.8008 14.9972L12.8622 14.9735L16.3688 14.3889C16.4109 14.3819 16.4469 14.3576 16.4694 14.3234L16.4921 14.2657L17.0766 10.7592ZM11.6867 7.61361C11.7183 7.48735 11.8731 7.46631 11.9457 7.55048L11.9778 7.61361L12.5604 9.9442C12.5694 9.98004 12.591 10.0106 12.6204 10.031L12.6696 10.0533L15.0002 10.636C15.1263 10.6676 15.1475 10.8223 15.0633 10.8949L15.0002 10.927L12.6696 11.5097C12.6337 11.5186 12.6031 11.5403 12.5827 11.5696L12.5604 11.6188L11.9778 13.9494C11.9462 14.0757 11.7914 14.0967 11.7188 14.0125L11.6867 13.9494L11.1041 11.6188C11.0951 11.583 11.0735 11.5524 11.0441 11.532L10.9949 11.5097L8.66433 10.927C8.53808 10.8955 8.51705 10.7407 8.60121 10.6681L8.66433 10.636L10.9949 10.0533C11.0308 10.0444 11.0614 10.0228 11.0818 9.99341L11.1041 9.9442L11.6867 7.61361ZM4.50009 21V10.5C4.50009 10.0858 4.83588 9.75 5.25009 9.75C5.6643 9.75 6.00009 10.0858 6.00009 10.5V19.5H15.75C16.1643 19.5 16.5 19.8358 16.5 20.25C16.5 20.6643 16.1643 21 15.75 21H4.50009Z\" fill=\"currentColor\"\/>\n<\/svg>\n<\/span><p class=\"title\"><strong><strong><strong>Wohnraum qualitativ erhalten und nachhaltig entwickeln<\/strong><\/strong><\/strong><\/p><div class=\"content\">\n\n<p>mit messbaren Kriterien zu Wohnqualit\u00e4t, Energieeffizienz, Geb\u00e4udezustand und Werterhalt.<\/p>\n\n<\/div><\/div>\n\n\n<div class=\"wp-block-niffler-card-usp\">\n    <span class=\"icon\"><svg width=\"24\" height=\"24\" viewBox=\"0 0 24 24\" fill=\"none\" xmlns=\"http:\/\/www.w3.org\/2000\/svg\">\n<path fill-rule=\"evenodd\" clip-rule=\"evenodd\" d=\"M12 6V18H15V22.5H4.5V18H7.5V6H3V7.5H5.25C5.66421 7.5 6 7.83579 6 8.25C6 8.66421 5.66421 9 5.25 9H1.5V4.5H7.5V1.5H12V4.5H21.75C22.01 4.5 22.2513 4.63459 22.3879 4.85569C22.5246 5.07681 22.5371 5.35291 22.4208 5.58541L21 8.42704V12.9387C21 13.1197 21.0654 13.2946 21.1842 13.4311L21.7192 14.046C22.1962 14.4575 22.5 15.0686 22.5 15.75C22.5 16.9926 21.4926 18 20.25 18C19.0074 18 18 16.9926 18 15.75C18 15.3358 18.3358 15 18.75 15C19.1642 15 19.5 15.3358 19.5 15.75C19.5 16.1642 19.8358 16.5 20.25 16.5C20.6642 16.5 21 16.1642 21 15.75C21 15.5147 20.8925 15.3048 20.7208 15.166L20.6697 15.1248L20.6265 15.0752L20.0526 14.4158C19.6964 14.0062 19.5 13.4816 19.5 12.9387V8.26509C19.4976 8.14732 19.5228 8.02727 19.5792 7.91459L20.5365 6H12ZM10.5 6H9V18H10.5V6ZM10.5 4.5V3H9V4.5H10.5ZM6 19.5V21H13.5V19.5H6Z\" fill=\"currentColor\"\/>\n<\/svg>\n<\/span><p class=\"title\"><strong><strong><strong><strong>Zus\u00e4tzlichen Wohnraum schaffen, wo immer m\u00f6glich<\/strong><\/strong><\/strong><\/strong><\/p><div class=\"content\">\n\n<p>durch Verdichtung, Aufstockung, Sanierung oder Neubau, sofern \u00f6konomisch und baurechtlich realisierbar.<\/p>\n\n<\/div><\/div>\n\n\n<div class=\"wp-block-niffler-card-usp\">\n    <span class=\"icon\"><svg width=\"24\" height=\"24\" viewBox=\"0 0 24 24\" fill=\"none\" xmlns=\"http:\/\/www.w3.org\/2000\/svg\">\n<path fill-rule=\"evenodd\" clip-rule=\"evenodd\" d=\"M7.5 3V10.5H3V3H7.5ZM6 4.5H4.5V9H6V4.5ZM15 16.5V21H9V16.5H15ZM13.5 18H10.5V19.5H13.5V18ZM21 21H16.5V16.5H21V21ZM19.5 19.5V18H18V19.5H19.5ZM7.5 21H3V12H7.5V21ZM6 19.5V13.5H4.5V19.5H6ZM21 15H9V3H20.9998L21 15ZM19.4999 4.5H10.5V13.5H19.5L19.4999 4.5Z\" fill=\"currentColor\"\/>\n<\/svg>\n<\/span><p class=\"title\"><strong><strong><strong><strong><strong><strong>Beitrag zum Erfolgsmodell Schweiz<\/strong><\/strong><\/strong><\/strong><\/strong><\/strong><\/p><div class=\"content\">\n\n<p>der mit der wirtschaftlichen Prosperit\u00e4t der Schweiz einhergehende Wertzuwachs Schweizerischen Grund und Bodens soll soweit m\u00f6glich der lokalen Bev\u00f6lkerung zugutekommen.<\/p>\n\n<\/div><\/div>\n    <\/div>\n\n\n    <\/div>\n    \n    <\/div>","protected":false},"excerpt":{"rendered":"","protected":false},"author":1,"featured_media":36780,"parent":0,"menu_order":0,"comment_status":"closed","ping_status":"closed","template":"","meta":{"_acf_changed":false,"inline_featured_image":false,"footnotes":""},"class_list":["post-38526","page","type-page","status-publish","has-post-thumbnail","hentry"],"acf":[],"yoast_head":"<!-- This site is optimized with the Yoast SEO plugin v27.2 - https:\/\/yoast.com\/product\/yoast-seo-wordpress\/ -->\n<title>Ziele der Miteigent\u00fcmergemeinschaften - crowdhouse :: Switzerland<\/title>\n<meta name=\"robots\" content=\"index, follow, max-snippet:-1, max-image-preview:large, max-video-preview:-1\" \/>\n<link rel=\"canonical\" href=\"https:\/\/crowdhouse.com\/ch\/de\/ziele-der-miteigent-mergemeinschaften\/\" \/>\n<meta property=\"og:locale\" content=\"en_US\" \/>\n<meta property=\"og:type\" content=\"article\" \/>\n<meta property=\"og:title\" content=\"Ziele der Miteigent\u00fcmergemeinschaften - crowdhouse :: Switzerland\" \/>\n<meta property=\"og:url\" content=\"https:\/\/crowdhouse.com\/ch\/de\/ziele-der-miteigent-mergemeinschaften\/\" \/>\n<meta property=\"og:site_name\" content=\"crowdhouse :: Switzerland\" \/>\n<meta name=\"twitter:card\" content=\"summary_large_image\" \/>\n<meta name=\"twitter:label1\" content=\"Est. reading time\" \/>\n\t<meta name=\"twitter:data1\" content=\"1 minute\" \/>\n<script type=\"application\/ld+json\" class=\"yoast-schema-graph\">{\"@context\":\"https:\/\/schema.org\",\"@graph\":[{\"@type\":\"WebPage\",\"@id\":\"https:\/\/crowdhouse.com\/ch\/de\/ziele-der-miteigent-mergemeinschaften\/\",\"url\":\"https:\/\/crowdhouse.com\/ch\/de\/ziele-der-miteigent-mergemeinschaften\/\",\"name\":\"Ziele der Miteigent\u00fcmergemeinschaften - crowdhouse :: Switzerland\",\"isPartOf\":{\"@id\":\"https:\/\/crowdhouse.com\/ch\/#website\"},\"primaryImageOfPage\":{\"@id\":\"https:\/\/crowdhouse.com\/ch\/de\/ziele-der-miteigent-mergemeinschaften\/#primaryimage\"},\"image\":{\"@id\":\"https:\/\/crowdhouse.com\/ch\/de\/ziele-der-miteigent-mergemeinschaften\/#primaryimage\"},\"thumbnailUrl\":\"https:\/\/crowdhouse.com\/ch\/wp-content\/uploads\/sites\/9\/2024\/12\/defaultfeaturedimage.jpg\",\"datePublished\":\"2026-04-28T18:54:54+00:00\",\"breadcrumb\":{\"@id\":\"https:\/\/crowdhouse.com\/ch\/de\/ziele-der-miteigent-mergemeinschaften\/#breadcrumb\"},\"inLanguage\":\"en-US\",\"potentialAction\":[{\"@type\":\"ReadAction\",\"target\":[\"https:\/\/crowdhouse.com\/ch\/de\/ziele-der-miteigent-mergemeinschaften\/\"]}]},{\"@type\":\"ImageObject\",\"inLanguage\":\"en-US\",\"@id\":\"https:\/\/crowdhouse.com\/ch\/de\/ziele-der-miteigent-mergemeinschaften\/#primaryimage\",\"url\":\"https:\/\/crowdhouse.com\/ch\/wp-content\/uploads\/sites\/9\/2024\/12\/defaultfeaturedimage.jpg\",\"contentUrl\":\"https:\/\/crowdhouse.com\/ch\/wp-content\/uploads\/sites\/9\/2024\/12\/defaultfeaturedimage.jpg\",\"width\":2560,\"height\":1344,\"caption\":\"crowdhouse\"},{\"@type\":\"BreadcrumbList\",\"@id\":\"https:\/\/crowdhouse.com\/ch\/de\/ziele-der-miteigent-mergemeinschaften\/#breadcrumb\",\"itemListElement\":[{\"@type\":\"ListItem\",\"position\":1,\"name\":\"Home\",\"item\":\"https:\/\/crowdhouse.com\/ch\/de\/\"},{\"@type\":\"ListItem\",\"position\":2,\"name\":\"Ziele der Miteigent\u00fcmergemeinschaften\"}]},{\"@type\":\"WebSite\",\"@id\":\"https:\/\/crowdhouse.com\/ch\/#website\",\"url\":\"https:\/\/crowdhouse.com\/ch\/\",\"name\":\"crowdhouse :: Switzerland\",\"description\":\"\",\"potentialAction\":[{\"@type\":\"SearchAction\",\"target\":{\"@type\":\"EntryPoint\",\"urlTemplate\":\"https:\/\/crowdhouse.com\/ch\/?s={search_term_string}\"},\"query-input\":{\"@type\":\"PropertyValueSpecification\",\"valueRequired\":true,\"valueName\":\"search_term_string\"}}],\"inLanguage\":\"en-US\"}]}<\/script>\n<!-- \/ Yoast SEO plugin. -->","yoast_head_json":{"title":"Ziele der Miteigent\u00fcmergemeinschaften - crowdhouse :: Switzerland","robots":{"index":"index","follow":"follow","max-snippet":"max-snippet:-1","max-image-preview":"max-image-preview:large","max-video-preview":"max-video-preview:-1"},"canonical":"https:\/\/crowdhouse.com\/ch\/de\/ziele-der-miteigent-mergemeinschaften\/","og_locale":"en_US","og_type":"article","og_title":"Ziele der Miteigent\u00fcmergemeinschaften - crowdhouse :: Switzerland","og_url":"https:\/\/crowdhouse.com\/ch\/de\/ziele-der-miteigent-mergemeinschaften\/","og_site_name":"crowdhouse :: Switzerland","twitter_card":"summary_large_image","twitter_misc":{"Est. reading time":"1 minute"},"schema":{"@context":"https:\/\/schema.org","@graph":[{"@type":"WebPage","@id":"https:\/\/crowdhouse.com\/ch\/de\/ziele-der-miteigent-mergemeinschaften\/","url":"https:\/\/crowdhouse.com\/ch\/de\/ziele-der-miteigent-mergemeinschaften\/","name":"Ziele der Miteigent\u00fcmergemeinschaften - crowdhouse :: Switzerland","isPartOf":{"@id":"https:\/\/crowdhouse.com\/ch\/#website"},"primaryImageOfPage":{"@id":"https:\/\/crowdhouse.com\/ch\/de\/ziele-der-miteigent-mergemeinschaften\/#primaryimage"},"image":{"@id":"https:\/\/crowdhouse.com\/ch\/de\/ziele-der-miteigent-mergemeinschaften\/#primaryimage"},"thumbnailUrl":"https:\/\/crowdhouse.com\/ch\/wp-content\/uploads\/sites\/9\/2024\/12\/defaultfeaturedimage.jpg","datePublished":"2026-04-28T18:54:54+00:00","breadcrumb":{"@id":"https:\/\/crowdhouse.com\/ch\/de\/ziele-der-miteigent-mergemeinschaften\/#breadcrumb"},"inLanguage":"en-US","potentialAction":[{"@type":"ReadAction","target":["https:\/\/crowdhouse.com\/ch\/de\/ziele-der-miteigent-mergemeinschaften\/"]}]},{"@type":"ImageObject","inLanguage":"en-US","@id":"https:\/\/crowdhouse.com\/ch\/de\/ziele-der-miteigent-mergemeinschaften\/#primaryimage","url":"https:\/\/crowdhouse.com\/ch\/wp-content\/uploads\/sites\/9\/2024\/12\/defaultfeaturedimage.jpg","contentUrl":"https:\/\/crowdhouse.com\/ch\/wp-content\/uploads\/sites\/9\/2024\/12\/defaultfeaturedimage.jpg","width":2560,"height":1344,"caption":"crowdhouse"},{"@type":"BreadcrumbList","@id":"https:\/\/crowdhouse.com\/ch\/de\/ziele-der-miteigent-mergemeinschaften\/#breadcrumb","itemListElement":[{"@type":"ListItem","position":1,"name":"Home","item":"https:\/\/crowdhouse.com\/ch\/de\/"},{"@type":"ListItem","position":2,"name":"Ziele der Miteigent\u00fcmergemeinschaften"}]},{"@type":"WebSite","@id":"https:\/\/crowdhouse.com\/ch\/#website","url":"https:\/\/crowdhouse.com\/ch\/","name":"crowdhouse :: Switzerland","description":"","potentialAction":[{"@type":"SearchAction","target":{"@type":"EntryPoint","urlTemplate":"https:\/\/crowdhouse.com\/ch\/?s={search_term_string}"},"query-input":{"@type":"PropertyValueSpecification","valueRequired":true,"valueName":"search_term_string"}}],"inLanguage":"en-US"}]}},"lang":"de","translations":{"de":38526},"pll_sync_post":[],"_links":{"self":[{"href":"https:\/\/crowdhouse.com\/ch\/wp-json\/wp\/v2\/pages\/38526","targetHints":{"allow":["GET"]}}],"collection":[{"href":"https:\/\/crowdhouse.com\/ch\/wp-json\/wp\/v2\/pages"}],"about":[{"href":"https:\/\/crowdhouse.com\/ch\/wp-json\/wp\/v2\/types\/page"}],"author":[{"embeddable":true,"href":"https:\/\/crowdhouse.com\/ch\/wp-json\/wp\/v2\/users\/1"}],"replies":[{"embeddable":true,"href":"https:\/\/crowdhouse.com\/ch\/wp-json\/wp\/v2\/comments?post=38526"}],"version-history":[{"count":1,"href":"https:\/\/crowdhouse.com\/ch\/wp-json\/wp\/v2\/pages\/38526\/revisions"}],"predecessor-version":[{"id":38527,"href":"https:\/\/crowdhouse.com\/ch\/wp-json\/wp\/v2\/pages\/38526\/revisions\/38527"}],"wp:featuredmedia":[{"embeddable":true,"href":"https:\/\/crowdhouse.com\/ch\/wp-json\/wp\/v2\/media\/36780"}],"wp:attachment":[{"href":"https:\/\/crowdhouse.com\/ch\/wp-json\/wp\/v2\/media?parent=38526"}],"curies":[{"name":"wp","href":"https:\/\/api.w.org\/{rel}","templated":true}]}}