 {"id":43,"date":"2024-09-11T09:50:21","date_gmt":"2024-09-11T09:50:21","guid":{"rendered":"http:\/\/crowdhouse.com\/ch\/?page_id=43"},"modified":"2024-10-10T07:23:50","modified_gmt":"2024-10-10T07:23:50","slug":"user-reseeach-nda","status":"publish","type":"page","link":"https:\/\/crowdhouse.com\/ch\/de\/user-reseeach-nda\/","title":{"rendered":"Einverst\u00e4ndnis- und Vertraulichkeitserkl\u00e4rung"},"content":{"rendered":"\n<div class=\"wp-block-niffler-section\" >\n    <div class=\"container\" >\n        \n<div class=\"wp-block-niffler-article\">\n    \n\n<h1 class=\"wp-block-heading\">Einverst\u00e4ndnis- und Vertraulichkeitserkl\u00e4rung<\/h1>\n\n\n\n<p>Die crowdhouse (Schweiz) AG (nachfolgend \u00abcrowdhouse\u00bb) f\u00fchrt regelm\u00e4ssigen Nutzerstudien durch, um die von crowdhouse angebotenen Produkte und Dienstleistungen sowie das Nutzererlebnis zu verbessern. Sie beabsichtigen, an einer solchen Nutzerstudie mit folgendem Zweck \u2013 Evaluierung der Usability von unseren Prototypen (nachfolgend \u00abStudie\u00bb) teilzunehmen. Diese Studie wird voraussichtlich von Januar 2022 bis Dezember 2022 durchgef\u00fchrt werden.<\/p>\n\n\n\n<p>Mit der vorliegenden Einverst\u00e4ndnis- und Vertraulichkeitserkl\u00e4rung (nachfolgend \u00abErkl\u00e4rung\u00bb) wird Ihre Teilnahme an dieser Studie geregelt.<\/p>\n\n\n\n<h2 class=\"wp-block-heading\"><strong>1. Freiwillige Teilnahme<\/strong><\/h2>\n\n\n\n<p>Mit Unterzeichnung dieser Erkl\u00e4rung, erkl\u00e4ren Sie gegen\u00fcber crowdhouse, freiwillig an dieser Studie teilzunehmen. Sie k\u00f6nnen Ihre Teilnahme an der Studie jederzeit und ohne Angabe von Gr\u00fcnden abbrechen. Mit Ihrem R\u00fcckzug von der Studie wird crowdhouse die bis zu diesem Zeitpunkt von Ihnen gesammelten Personendaten l\u00f6schen.<\/p>\n\n\n\n<h2 class=\"wp-block-heading\"><strong>2. Art der Datenerhebung und Datenaufbewahrung<\/strong><\/h2>\n\n\n\n<p>Im Rahmen der Studie wird crowdhouse mit Ihnen Interviews und\/oder Nutzertests durchf\u00fchren. Dabei werden Audio- und\/oder Videoaufnahmen gemacht. Zudem k\u00f6nnen die Interviews und\/oder Nutzertests von den die Studie durchf\u00fchrenden Mitarbeitern von crowdhouse protokolliert werden. Die erhobenen Daten dienen rein internen Zwecken und werden vertraulich behandelt. Zudem haben nur diejenigen Mitarbeiter von crowdhouse, welche an der Durchf\u00fchrung der Studie beteiligt sind, Zugriff auf die erfassten Personendaten. Weiteren Mitarbeitern k\u00f6nnen diese Daten auf anonymer Basis zur Verf\u00fcgung gestellt werden, z.B. im Rahmen einer Pr\u00e4sentation \u00fcber die Resultate der Studie.<\/p>\n\n\n\n<p>Ohne Ihre Zustimmung werden die von Ihnen erfassten Personendaten Dritten nicht zur Verf\u00fcgung gestellt.<\/p>\n\n\n\n<p>Mit Zustimmung zu dieser Erkl\u00e4rung stimmen Sie explizit zu, dass crowdhouse die oben beschriebenen Daten erfassen und w\u00e4hrend sowie nach dem Ende der Studie f\u00fcr die Verbesserung der von crowdhouse angebotenen Produkte und Dienstleistungen sowie zur Verbesserung des Nutzererlebnisses bearbeiten kann. Zudem stimmen Sie zu, dass Audio- und\/oder Videoaufzeichnungen durchgef\u00fchrt werden k\u00f6nnen.<\/p>\n\n\n\n<h2 class=\"wp-block-heading\"><strong>3. Zugang zu vertraulichen Informationen und Unterlagen<\/strong><\/h2>\n\n\n\n<p>Im Rahmen der Studie erhalten Sie Zugang zu streng vertraulichen Informationen und Unterlagen (nachfolgend \u00abInformationen\u00bb) in schriftlicher, elektronischer, m\u00fcndlicher oder anderer Form.<\/p>\n\n\n\n<p>Mit Unterzeichnung dieser Erkl\u00e4rung erkl\u00e4ren Sie sich im Zusammenhang mit diesen Informationen mit den folgenden Bedingungen einverstanden:<\/p>\n\n\n\n<ul class=\"wp-block-list\">\n<li>Ich halte alle Informationen auf unbestimmte Zeit geheim und lege diese Dritten ohne schriftliche Zustimmung von crowdhouse nicht offen.<\/li>\n\n\n\n<li>Ich treffe s\u00e4mtliche erforderlichen Massnahmen zur Vermeidung einer unerlaubten Offenlegung oder Nutzung der Informationen.<\/li>\n\n\n\n<li>Auf Verlangen von crowdhouse vernichte oder gebe ich alle erhaltenen Informationen (inklusive Kopien) unverz\u00fcglich zur\u00fcck.<\/li>\n\n\n\n<li>Ich teile jeden Verstoss gegen diese Bedingungen crowdhouse unverz\u00fcglich mit, sobald ich davon Kenntnis erhalte.<\/li>\n\n\n\n<li>Die vorgenannten Bedingungen gelten nicht f\u00fcr bereits \u00f6ffentlich bekannte Informationen oder solche, die nach dem Erhalt ohne Verletzung dieser Erkl\u00e4rung \u00f6ffentlich bekannt werden.<\/li>\n<\/ul>\n\n\n\n<h2 class=\"wp-block-heading\"><strong>4. Weitere Bestimmungen<\/strong><\/h2>\n\n\n\n<p>Sollte eine Bestimmung dieser Erkl\u00e4rung zu irgendeinem Zeitpunkt ganz oder teilweise nichtig, ung\u00fcltig oder unwirksam sein bzw. werden, so wird der \u00fcbrige Teil der Erkl\u00e4rung davon nicht ber\u00fchrt. Die unwirksame Bestimmung ist durch eine Regelung zu ersetzen, die dem wirtschaftlichen und rechtlichen Zweck der unwirksamen Bestimmung am n\u00e4chsten kommt. Diese Erkl\u00e4rung unterstehen ausschliesslich schweizerischem materiellem Recht. Ausschliesslicher Gerichtsstand ist Z\u00fcrich.<\/p>\n\n<\/div>\n    <\/div>\n    \n    <\/div>","protected":false},"excerpt":{"rendered":"","protected":false},"author":1,"featured_media":36780,"parent":0,"menu_order":0,"comment_status":"closed","ping_status":"closed","template":"","meta":{"_acf_changed":false,"inline_featured_image":false,"footnotes":""},"class_list":["post-43","page","type-page","status-publish","has-post-thumbnail","hentry"],"acf":[],"yoast_head":"<!-- This site is optimized with the Yoast SEO plugin v27.2 - https:\/\/yoast.com\/product\/yoast-seo-wordpress\/ -->\n<title>Einverst\u00e4ndnis- und Vertraulichkeitserkl\u00e4rung - crowdhouse :: Switzerland<\/title>\n<meta name=\"robots\" content=\"index, follow, max-snippet:-1, max-image-preview:large, max-video-preview:-1\" \/>\n<link rel=\"canonical\" href=\"https:\/\/crowdhouse.com\/ch\/de\/user-reseeach-nda\/\" \/>\n<meta property=\"og:locale\" content=\"en_US\" \/>\n<meta property=\"og:type\" content=\"article\" \/>\n<meta property=\"og:title\" content=\"Einverst\u00e4ndnis- und Vertraulichkeitserkl\u00e4rung - crowdhouse :: Switzerland\" \/>\n<meta property=\"og:url\" content=\"https:\/\/crowdhouse.com\/ch\/de\/user-reseeach-nda\/\" \/>\n<meta property=\"og:site_name\" content=\"crowdhouse :: Switzerland\" \/>\n<meta property=\"article:modified_time\" content=\"2024-10-10T07:23:50+00:00\" \/>\n<meta name=\"twitter:card\" content=\"summary_large_image\" \/>\n<meta name=\"twitter:label1\" content=\"Est. reading time\" \/>\n\t<meta name=\"twitter:data1\" content=\"3 minutes\" \/>\n<script type=\"application\/ld+json\" class=\"yoast-schema-graph\">{\"@context\":\"https:\/\/schema.org\",\"@graph\":[{\"@type\":\"WebPage\",\"@id\":\"https:\/\/crowdhouse.com\/ch\/de\/user-reseeach-nda\/\",\"url\":\"https:\/\/crowdhouse.com\/ch\/de\/user-reseeach-nda\/\",\"name\":\"Einverst\u00e4ndnis- und Vertraulichkeitserkl\u00e4rung - crowdhouse :: Switzerland\",\"isPartOf\":{\"@id\":\"https:\/\/crowdhouse.com\/ch\/#website\"},\"primaryImageOfPage\":{\"@id\":\"https:\/\/crowdhouse.com\/ch\/de\/user-reseeach-nda\/#primaryimage\"},\"image\":{\"@id\":\"https:\/\/crowdhouse.com\/ch\/de\/user-reseeach-nda\/#primaryimage\"},\"thumbnailUrl\":\"https:\/\/crowdhouse.com\/ch\/wp-content\/uploads\/sites\/9\/2024\/12\/defaultfeaturedimage.jpg\",\"datePublished\":\"2024-09-11T09:50:21+00:00\",\"dateModified\":\"2024-10-10T07:23:50+00:00\",\"breadcrumb\":{\"@id\":\"https:\/\/crowdhouse.com\/ch\/de\/user-reseeach-nda\/#breadcrumb\"},\"inLanguage\":\"en-US\",\"potentialAction\":[{\"@type\":\"ReadAction\",\"target\":[\"https:\/\/crowdhouse.com\/ch\/de\/user-reseeach-nda\/\"]}]},{\"@type\":\"ImageObject\",\"inLanguage\":\"en-US\",\"@id\":\"https:\/\/crowdhouse.com\/ch\/de\/user-reseeach-nda\/#primaryimage\",\"url\":\"https:\/\/crowdhouse.com\/ch\/wp-content\/uploads\/sites\/9\/2024\/12\/defaultfeaturedimage.jpg\",\"contentUrl\":\"https:\/\/crowdhouse.com\/ch\/wp-content\/uploads\/sites\/9\/2024\/12\/defaultfeaturedimage.jpg\",\"width\":2560,\"height\":1344,\"caption\":\"crowdhouse\"},{\"@type\":\"BreadcrumbList\",\"@id\":\"https:\/\/crowdhouse.com\/ch\/de\/user-reseeach-nda\/#breadcrumb\",\"itemListElement\":[{\"@type\":\"ListItem\",\"position\":1,\"name\":\"Home\",\"item\":\"https:\/\/crowdhouse.com\/ch\/de\/\"},{\"@type\":\"ListItem\",\"position\":2,\"name\":\"Einverst\u00e4ndnis- und Vertraulichkeitserkl\u00e4rung\"}]},{\"@type\":\"WebSite\",\"@id\":\"https:\/\/crowdhouse.com\/ch\/#website\",\"url\":\"https:\/\/crowdhouse.com\/ch\/\",\"name\":\"crowdhouse :: Switzerland\",\"description\":\"\",\"potentialAction\":[{\"@type\":\"SearchAction\",\"target\":{\"@type\":\"EntryPoint\",\"urlTemplate\":\"https:\/\/crowdhouse.com\/ch\/?s={search_term_string}\"},\"query-input\":{\"@type\":\"PropertyValueSpecification\",\"valueRequired\":true,\"valueName\":\"search_term_string\"}}],\"inLanguage\":\"en-US\"}]}<\/script>\n<!-- \/ Yoast SEO plugin. -->","yoast_head_json":{"title":"Einverst\u00e4ndnis- und Vertraulichkeitserkl\u00e4rung - crowdhouse :: Switzerland","robots":{"index":"index","follow":"follow","max-snippet":"max-snippet:-1","max-image-preview":"max-image-preview:large","max-video-preview":"max-video-preview:-1"},"canonical":"https:\/\/crowdhouse.com\/ch\/de\/user-reseeach-nda\/","og_locale":"en_US","og_type":"article","og_title":"Einverst\u00e4ndnis- und Vertraulichkeitserkl\u00e4rung - crowdhouse :: Switzerland","og_url":"https:\/\/crowdhouse.com\/ch\/de\/user-reseeach-nda\/","og_site_name":"crowdhouse :: Switzerland","article_modified_time":"2024-10-10T07:23:50+00:00","twitter_card":"summary_large_image","twitter_misc":{"Est. reading time":"3 minutes"},"schema":{"@context":"https:\/\/schema.org","@graph":[{"@type":"WebPage","@id":"https:\/\/crowdhouse.com\/ch\/de\/user-reseeach-nda\/","url":"https:\/\/crowdhouse.com\/ch\/de\/user-reseeach-nda\/","name":"Einverst\u00e4ndnis- und Vertraulichkeitserkl\u00e4rung - crowdhouse :: Switzerland","isPartOf":{"@id":"https:\/\/crowdhouse.com\/ch\/#website"},"primaryImageOfPage":{"@id":"https:\/\/crowdhouse.com\/ch\/de\/user-reseeach-nda\/#primaryimage"},"image":{"@id":"https:\/\/crowdhouse.com\/ch\/de\/user-reseeach-nda\/#primaryimage"},"thumbnailUrl":"https:\/\/crowdhouse.com\/ch\/wp-content\/uploads\/sites\/9\/2024\/12\/defaultfeaturedimage.jpg","datePublished":"2024-09-11T09:50:21+00:00","dateModified":"2024-10-10T07:23:50+00:00","breadcrumb":{"@id":"https:\/\/crowdhouse.com\/ch\/de\/user-reseeach-nda\/#breadcrumb"},"inLanguage":"en-US","potentialAction":[{"@type":"ReadAction","target":["https:\/\/crowdhouse.com\/ch\/de\/user-reseeach-nda\/"]}]},{"@type":"ImageObject","inLanguage":"en-US","@id":"https:\/\/crowdhouse.com\/ch\/de\/user-reseeach-nda\/#primaryimage","url":"https:\/\/crowdhouse.com\/ch\/wp-content\/uploads\/sites\/9\/2024\/12\/defaultfeaturedimage.jpg","contentUrl":"https:\/\/crowdhouse.com\/ch\/wp-content\/uploads\/sites\/9\/2024\/12\/defaultfeaturedimage.jpg","width":2560,"height":1344,"caption":"crowdhouse"},{"@type":"BreadcrumbList","@id":"https:\/\/crowdhouse.com\/ch\/de\/user-reseeach-nda\/#breadcrumb","itemListElement":[{"@type":"ListItem","position":1,"name":"Home","item":"https:\/\/crowdhouse.com\/ch\/de\/"},{"@type":"ListItem","position":2,"name":"Einverst\u00e4ndnis- und Vertraulichkeitserkl\u00e4rung"}]},{"@type":"WebSite","@id":"https:\/\/crowdhouse.com\/ch\/#website","url":"https:\/\/crowdhouse.com\/ch\/","name":"crowdhouse :: Switzerland","description":"","potentialAction":[{"@type":"SearchAction","target":{"@type":"EntryPoint","urlTemplate":"https:\/\/crowdhouse.com\/ch\/?s={search_term_string}"},"query-input":{"@type":"PropertyValueSpecification","valueRequired":true,"valueName":"search_term_string"}}],"inLanguage":"en-US"}]}},"lang":"de","translations":{"de":43,"en":36381},"pll_sync_post":[],"_links":{"self":[{"href":"https:\/\/crowdhouse.com\/ch\/wp-json\/wp\/v2\/pages\/43","targetHints":{"allow":["GET"]}}],"collection":[{"href":"https:\/\/crowdhouse.com\/ch\/wp-json\/wp\/v2\/pages"}],"about":[{"href":"https:\/\/crowdhouse.com\/ch\/wp-json\/wp\/v2\/types\/page"}],"author":[{"embeddable":true,"href":"https:\/\/crowdhouse.com\/ch\/wp-json\/wp\/v2\/users\/1"}],"replies":[{"embeddable":true,"href":"https:\/\/crowdhouse.com\/ch\/wp-json\/wp\/v2\/comments?post=43"}],"version-history":[{"count":1,"href":"https:\/\/crowdhouse.com\/ch\/wp-json\/wp\/v2\/pages\/43\/revisions"}],"predecessor-version":[{"id":44,"href":"https:\/\/crowdhouse.com\/ch\/wp-json\/wp\/v2\/pages\/43\/revisions\/44"}],"wp:featuredmedia":[{"embeddable":true,"href":"https:\/\/crowdhouse.com\/ch\/wp-json\/wp\/v2\/media\/36780"}],"wp:attachment":[{"href":"https:\/\/crowdhouse.com\/ch\/wp-json\/wp\/v2\/media?parent=43"}],"curies":[{"name":"wp","href":"https:\/\/api.w.org\/{rel}","templated":true}]}}